{"id":20558,"date":"2021-10-03T10:37:27","date_gmt":"2021-10-03T08:37:27","guid":{"rendered":"https:\/\/www.heroad.it\/?post_type=product&#038;p=20558"},"modified":"2025-04-26T11:33:41","modified_gmt":"2025-04-26T09:33:41","slug":"paris-roubaix","status":"publish","type":"product","link":"https:\/\/www.heroad.it\/es\/product\/paris-roubaix","title":{"rendered":"Paris &#8211; Roubaix"},"content":{"rendered":"<p>La Parigi-Roubaix \u00e8 una gara ciclistica che si svolge annualmente in Francia. Il percorso, che parte da Compi\u00e8gne, nell&#8217;Oise, e arriva a Roubaix, nel Nord, \u00e8 lungo circa 257 km e include oltre 27 tratti di pav\u00e9, o strade lastricate di pietre. Queste strade sono particolarmente difficili da percorrere in bicicletta a causa delle loro condizioni dissestate e della presenza di molte curve e saliscendi. La Paris-Roubaix \u00e8 una delle classiche del ciclismo su strada pi\u00f9 famose al mondo e attira ciclisti da tutto il mondo. La gara \u00e8 nota anche come &#8220;L&#8217;Enfer du Nord&#8221; (&#8220;L&#8217;Inferno del Nord&#8221;), a causa della sua durezza e della difficolt\u00e0 del percorso. La Paris-Roubaix \u00e8 un evento imperdibile per gli appassionati di ciclismo e per chi ama le sfide.<\/p>\n<p>[sgpx gpx=&#8221;\/wp-content\/uploads\/gpx\/route.gpx&#8221;]<\/p>","protected":false},"excerpt":{"rendered":"<h4>Paris &#8211; Roubaix: 257km<\/h4>\n<ul>\n<li>Dise\u00f1ado y producido en Italia.<\/li>\n<li>Dimensioni: 16 x 33 x 9 cm (Altezza x Lunghezza x Profondit\u00e0)<\/li>\n<li>Personalizza il tuo Paris -Roubaix scegliendo tra i 10 colori disponibili<\/li>\n<li><span style=\"color: #cd2220; font-weight: bold;\">Ordina le 5 Classiche Monumento a soli 209 euro (anzich\u00e9 295) inserendo il codice sconto &#8220;5CLASSICHE&#8221; <\/span><\/li>\n<\/ul>","protected":false},"featured_media":20569,"comment_status":"open","ping_status":"closed","template":"","meta":[],"product_cat":[191],"product_tag":[188,185],"class_list":{"0":"post-20558","1":"product","2":"type-product","3":"status-publish","4":"has-post-thumbnail","6":"product_cat-gare","7":"product_tag-best-seller","8":"product_tag-classiche-monumento","10":"first","11":"instock","12":"sale","13":"taxable","14":"shipping-taxable","15":"purchasable","16":"product-type-variable","17":"has-default-attributes"},"yoast_head":"<!-- This site is optimized with the Yoast SEO plugin v20.5 - https:\/\/yoast.com\/wordpress\/plugins\/seo\/ -->\n<title>Paris - Roubaix - Le gare del ciclismo in 3D - HEROAD<\/title>\n<meta name=\"description\" content=\"Porta la Parigi Roubaix a casa tua. Realizzato a mano in Italia con materiali eco-sostenibili e con una maniacale attenzione ai dettagli.\" \/>\n<meta name=\"robots\" content=\"index, follow, max-snippet:-1, max-image-preview:large, max-video-preview:-1\" \/>\n<link rel=\"canonical\" href=\"https:\/\/www.heroad.it\/es\/product\/paris-roubaix\/\" \/>\n<meta property=\"og:locale\" content=\"es_ES\" \/>\n<meta property=\"og:type\" content=\"article\" \/>\n<meta property=\"og:title\" content=\"Paris - Roubaix - Le gare del ciclismo in 3D - HEROAD\" \/>\n<meta property=\"og:description\" content=\"Porta la Parigi Roubaix a casa tua. Realizzato a mano in Italia con materiali eco-sostenibili e con una maniacale attenzione ai dettagli.\" \/>\n<meta property=\"og:url\" content=\"https:\/\/www.heroad.it\/es\/product\/paris-roubaix\/\" \/>\n<meta property=\"og:site_name\" content=\"HEROAD\" \/>\n<meta property=\"article:publisher\" content=\"https:\/\/www.facebook.com\/labottegadialcide\" \/>\n<meta property=\"article:modified_time\" content=\"2025-04-26T09:33:41+00:00\" \/>\n<meta property=\"og:image\" content=\"https:\/\/www.heroad.it\/wp-content\/uploads\/2021\/10\/IMG_2049.jpg\" \/>\n\t<meta property=\"og:image:width\" content=\"1400\" \/>\n\t<meta property=\"og:image:height\" content=\"1400\" \/>\n\t<meta property=\"og:image:type\" content=\"image\/jpeg\" \/>\n<meta name=\"twitter:card\" content=\"summary_large_image\" \/>\n<meta name=\"twitter:label1\" content=\"Tiempo de lectura\" \/>\n\t<meta name=\"twitter:data1\" content=\"2 minutos\" \/>\n<script type=\"application\/ld+json\" class=\"yoast-schema-graph\">{\"@context\":\"https:\/\/schema.org\",\"@graph\":[{\"@type\":\"WebPage\",\"@id\":\"https:\/\/www.heroad.it\/prodotto\/paris-roubaix\",\"url\":\"https:\/\/www.heroad.it\/prodotto\/paris-roubaix\",\"name\":\"Paris - Roubaix - Le gare del ciclismo in 3D - HEROAD\",\"isPartOf\":{\"@id\":\"https:\/\/www.heroad.it\/#website\"},\"datePublished\":\"2021-10-03T08:37:27+00:00\",\"dateModified\":\"2025-04-26T09:33:41+00:00\",\"description\":\"Porta la Parigi Roubaix a casa tua. Realizzato a mano in Italia con materiali eco-sostenibili e con una maniacale attenzione ai dettagli.\",\"breadcrumb\":{\"@id\":\"https:\/\/www.heroad.it\/prodotto\/paris-roubaix#breadcrumb\"},\"inLanguage\":\"es\",\"potentialAction\":[{\"@type\":\"ReadAction\",\"target\":[\"https:\/\/www.heroad.it\/prodotto\/paris-roubaix\"]}]},{\"@type\":\"BreadcrumbList\",\"@id\":\"https:\/\/www.heroad.it\/prodotto\/paris-roubaix#breadcrumb\",\"itemListElement\":[{\"@type\":\"ListItem\",\"position\":1,\"name\":\"Home\",\"item\":\"https:\/\/www.heroad.it\/\"},{\"@type\":\"ListItem\",\"position\":2,\"name\":\"Shop\",\"item\":\"https:\/\/www.heroad.it\/shop\"},{\"@type\":\"ListItem\",\"position\":3,\"name\":\"Paris &#8211; Roubaix\"}]},{\"@type\":\"WebSite\",\"@id\":\"https:\/\/www.heroad.it\/#website\",\"url\":\"https:\/\/www.heroad.it\/\",\"name\":\"HEROAD\",\"description\":\"designed by greatness\",\"publisher\":{\"@id\":\"https:\/\/www.heroad.it\/#organization\"},\"potentialAction\":[{\"@type\":\"SearchAction\",\"target\":{\"@type\":\"EntryPoint\",\"urlTemplate\":\"https:\/\/www.heroad.it\/?s={search_term_string}\"},\"query-input\":\"required name=search_term_string\"}],\"inLanguage\":\"es\"},{\"@type\":\"Organization\",\"@id\":\"https:\/\/www.heroad.it\/#organization\",\"name\":\"Heroad\",\"url\":\"https:\/\/www.heroad.it\/\",\"logo\":{\"@type\":\"ImageObject\",\"inLanguage\":\"es\",\"@id\":\"https:\/\/www.heroad.it\/#\/schema\/logo\/image\/\",\"url\":\"https:\/\/www.heroad.it\/wp-content\/uploads\/2021\/04\/PNG_logoheroad_scritta_black_con-pay.png\",\"contentUrl\":\"https:\/\/www.heroad.it\/wp-content\/uploads\/2021\/04\/PNG_logoheroad_scritta_black_con-pay.png\",\"width\":2402,\"height\":945,\"caption\":\"Heroad\"},\"image\":{\"@id\":\"https:\/\/www.heroad.it\/#\/schema\/logo\/image\/\"},\"sameAs\":[\"https:\/\/www.facebook.com\/labottegadialcide\",\"https:\/\/www.instagram.com\/heroad_official\/\"]}]}<\/script>\n<!-- \/ Yoast SEO plugin. -->","yoast_head_json":{"title":"Paris - Roubaix - Le gare del ciclismo in 3D - HEROAD","description":"Porta la Parigi Roubaix a casa tua. Realizzato a mano in Italia con materiali eco-sostenibili e con una maniacale attenzione ai dettagli.","robots":{"index":"index","follow":"follow","max-snippet":"max-snippet:-1","max-image-preview":"max-image-preview:large","max-video-preview":"max-video-preview:-1"},"canonical":"https:\/\/www.heroad.it\/es\/product\/paris-roubaix\/","og_locale":"es_ES","og_type":"article","og_title":"Paris - Roubaix - Le gare del ciclismo in 3D - HEROAD","og_description":"Porta la Parigi Roubaix a casa tua. Realizzato a mano in Italia con materiali eco-sostenibili e con una maniacale attenzione ai dettagli.","og_url":"https:\/\/www.heroad.it\/es\/product\/paris-roubaix\/","og_site_name":"HEROAD","article_publisher":"https:\/\/www.facebook.com\/labottegadialcide","article_modified_time":"2025-04-26T09:33:41+00:00","og_image":[{"width":1400,"height":1400,"url":"https:\/\/www.heroad.it\/wp-content\/uploads\/2021\/10\/IMG_2049.jpg","type":"image\/jpeg"}],"twitter_card":"summary_large_image","twitter_misc":{"Tiempo de lectura":"2 minutos"},"schema":{"@context":"https:\/\/schema.org","@graph":[{"@type":"WebPage","@id":"https:\/\/www.heroad.it\/prodotto\/paris-roubaix","url":"https:\/\/www.heroad.it\/prodotto\/paris-roubaix","name":"Paris - Roubaix - Le gare del ciclismo in 3D - HEROAD","isPartOf":{"@id":"https:\/\/www.heroad.it\/#website"},"datePublished":"2021-10-03T08:37:27+00:00","dateModified":"2025-04-26T09:33:41+00:00","description":"Porta la Parigi Roubaix a casa tua. Realizzato a mano in Italia con materiali eco-sostenibili e con una maniacale attenzione ai dettagli.","breadcrumb":{"@id":"https:\/\/www.heroad.it\/prodotto\/paris-roubaix#breadcrumb"},"inLanguage":"es","potentialAction":[{"@type":"ReadAction","target":["https:\/\/www.heroad.it\/prodotto\/paris-roubaix"]}]},{"@type":"BreadcrumbList","@id":"https:\/\/www.heroad.it\/prodotto\/paris-roubaix#breadcrumb","itemListElement":[{"@type":"ListItem","position":1,"name":"Home","item":"https:\/\/www.heroad.it\/"},{"@type":"ListItem","position":2,"name":"Shop","item":"https:\/\/www.heroad.it\/shop"},{"@type":"ListItem","position":3,"name":"Paris &#8211; Roubaix"}]},{"@type":"WebSite","@id":"https:\/\/www.heroad.it\/#website","url":"https:\/\/www.heroad.it\/","name":"HEROAD","description":"designed by greatness","publisher":{"@id":"https:\/\/www.heroad.it\/#organization"},"potentialAction":[{"@type":"SearchAction","target":{"@type":"EntryPoint","urlTemplate":"https:\/\/www.heroad.it\/?s={search_term_string}"},"query-input":"required name=search_term_string"}],"inLanguage":"es"},{"@type":"Organization","@id":"https:\/\/www.heroad.it\/#organization","name":"Heroad","url":"https:\/\/www.heroad.it\/","logo":{"@type":"ImageObject","inLanguage":"es","@id":"https:\/\/www.heroad.it\/#\/schema\/logo\/image\/","url":"https:\/\/www.heroad.it\/wp-content\/uploads\/2021\/04\/PNG_logoheroad_scritta_black_con-pay.png","contentUrl":"https:\/\/www.heroad.it\/wp-content\/uploads\/2021\/04\/PNG_logoheroad_scritta_black_con-pay.png","width":2402,"height":945,"caption":"Heroad"},"image":{"@id":"https:\/\/www.heroad.it\/#\/schema\/logo\/image\/"},"sameAs":["https:\/\/www.facebook.com\/labottegadialcide","https:\/\/www.instagram.com\/heroad_official\/"]}]}},"jetpack_sharing_enabled":true,"_links":{"self":[{"href":"https:\/\/www.heroad.it\/es\/wp-json\/wp\/v2\/product\/20558","targetHints":{"allow":["GET"]}}],"collection":[{"href":"https:\/\/www.heroad.it\/es\/wp-json\/wp\/v2\/product"}],"about":[{"href":"https:\/\/www.heroad.it\/es\/wp-json\/wp\/v2\/types\/product"}],"replies":[{"embeddable":true,"href":"https:\/\/www.heroad.it\/es\/wp-json\/wp\/v2\/comments?post=20558"}],"wp:featuredmedia":[{"embeddable":true,"href":"https:\/\/www.heroad.it\/es\/wp-json\/wp\/v2\/media\/20569"}],"wp:attachment":[{"href":"https:\/\/www.heroad.it\/es\/wp-json\/wp\/v2\/media?parent=20558"}],"wp:term":[{"taxonomy":"product_cat","embeddable":true,"href":"https:\/\/www.heroad.it\/es\/wp-json\/wp\/v2\/product_cat?post=20558"},{"taxonomy":"product_tag","embeddable":true,"href":"https:\/\/www.heroad.it\/es\/wp-json\/wp\/v2\/product_tag?post=20558"}],"curies":[{"name":"wp","href":"https:\/\/api.w.org\/{rel}","templated":true}]}}