{"id":20071,"date":"2021-09-08T17:01:22","date_gmt":"2021-09-08T15:01:22","guid":{"rendered":"https:\/\/www.heroad.it\/?post_type=product&#038;p=20071"},"modified":"2025-04-26T11:33:26","modified_gmt":"2025-04-26T09:33:26","slug":"maratona-delle-dolomiti","status":"publish","type":"product","link":"https:\/\/www.heroad.it\/es\/product\/maratona-delle-dolomiti","title":{"rendered":"Maratona delle Dolomiti"},"content":{"rendered":"<p>La Maratona dles Dolomites \u00e8 la gara ciclistica pi\u00f9 panoramica dell&#8217;Alto Adige e sicuramente anche una delle pi\u00f9 esigenti. Il percorso infatti prevede 138 chilometri con 4.190 metri di dislivello.<br \/>\nSi svolge sempre nella prima domenica di luglio in Alta Badia nel cuore delle Dolomiti Patrimonio Mondiale UNESCO.<br \/>\nAttraversa i passipi\u00f9 belli delle dolomiti: Pordoi, Gardena, Valparola e Falzarego.<\/p>\n<p>[sgpx gpx=&#8221;\/wp-content\/uploads\/gpx\/Maratona dles Dolomites.gpx&#8221;]<\/p>","protected":false},"excerpt":{"rendered":"<h4>Maratona delle Dolomiti: 138km \u2013 4230m+<\/h4>\n<ul>\n<li>Dise\u00f1ado y producido en Italia en material 100% Bio<\/li>\n<li>Dimensioni: 12 x 25 x 6 cm (Altezza x Lunghezza x Profondit\u00e0)<\/li>\n<li>Disponible en 10 colores<\/li>\n<\/ul>","protected":false},"featured_media":20082,"comment_status":"open","ping_status":"closed","template":"","meta":[],"product_cat":[191],"product_tag":[188],"class_list":{"0":"post-20071","1":"product","2":"type-product","3":"status-publish","4":"has-post-thumbnail","6":"product_cat-gare","7":"product_tag-best-seller","9":"first","10":"instock","11":"sale","12":"taxable","13":"shipping-taxable","14":"purchasable","15":"product-type-variable","16":"has-default-attributes"},"yoast_head":"<!-- This site is optimized with the Yoast SEO plugin v20.5 - https:\/\/yoast.com\/wordpress\/plugins\/seo\/ -->\n<title>Maratona delle Dolomiti - Le gare del ciclismo in 3D - HEROAD<\/title>\n<meta name=\"description\" content=\"Porta la Maratona delle Dolomiti a casa tua. Realizzato a mano in Italia con materiali eco-sostenibili e con una maniacale attenzione ai dettagli.\" \/>\n<meta name=\"robots\" content=\"index, follow, max-snippet:-1, max-image-preview:large, max-video-preview:-1\" \/>\n<link rel=\"canonical\" href=\"https:\/\/www.heroad.it\/es\/product\/maratona-delle-dolomiti\/\" \/>\n<meta property=\"og:locale\" content=\"es_ES\" \/>\n<meta property=\"og:type\" content=\"article\" \/>\n<meta property=\"og:title\" content=\"Maratona delle Dolomiti - Le gare del ciclismo in 3D - HEROAD\" \/>\n<meta property=\"og:description\" content=\"Porta la Maratona delle Dolomiti a casa tua. Realizzato a mano in Italia con materiali eco-sostenibili e con una maniacale attenzione ai dettagli.\" \/>\n<meta property=\"og:url\" content=\"https:\/\/www.heroad.it\/es\/product\/maratona-delle-dolomiti\/\" \/>\n<meta property=\"og:site_name\" content=\"HEROAD\" \/>\n<meta property=\"article:publisher\" content=\"https:\/\/www.facebook.com\/labottegadialcide\" \/>\n<meta property=\"article:modified_time\" content=\"2025-04-26T09:33:26+00:00\" \/>\n<meta property=\"og:image\" content=\"https:\/\/www.heroad.it\/wp-content\/uploads\/2021\/09\/Maratonadelledolomiti_1.jpg\" \/>\n\t<meta property=\"og:image:width\" content=\"1400\" \/>\n\t<meta property=\"og:image:height\" content=\"1400\" \/>\n\t<meta property=\"og:image:type\" content=\"image\/jpeg\" \/>\n<meta name=\"twitter:card\" content=\"summary_large_image\" \/>\n<script type=\"application\/ld+json\" class=\"yoast-schema-graph\">{\"@context\":\"https:\/\/schema.org\",\"@graph\":[{\"@type\":\"WebPage\",\"@id\":\"https:\/\/www.heroad.it\/prodotto\/maratona-delle-dolomiti\",\"url\":\"https:\/\/www.heroad.it\/prodotto\/maratona-delle-dolomiti\",\"name\":\"Maratona delle Dolomiti - Le gare del ciclismo in 3D - HEROAD\",\"isPartOf\":{\"@id\":\"https:\/\/www.heroad.it\/#website\"},\"datePublished\":\"2021-09-08T15:01:22+00:00\",\"dateModified\":\"2025-04-26T09:33:26+00:00\",\"description\":\"Porta la Maratona delle Dolomiti a casa tua. Realizzato a mano in Italia con materiali eco-sostenibili e con una maniacale attenzione ai dettagli.\",\"breadcrumb\":{\"@id\":\"https:\/\/www.heroad.it\/prodotto\/maratona-delle-dolomiti#breadcrumb\"},\"inLanguage\":\"es\",\"potentialAction\":[{\"@type\":\"ReadAction\",\"target\":[\"https:\/\/www.heroad.it\/prodotto\/maratona-delle-dolomiti\"]}]},{\"@type\":\"BreadcrumbList\",\"@id\":\"https:\/\/www.heroad.it\/prodotto\/maratona-delle-dolomiti#breadcrumb\",\"itemListElement\":[{\"@type\":\"ListItem\",\"position\":1,\"name\":\"Home\",\"item\":\"https:\/\/www.heroad.it\/\"},{\"@type\":\"ListItem\",\"position\":2,\"name\":\"Shop\",\"item\":\"https:\/\/www.heroad.it\/shop\"},{\"@type\":\"ListItem\",\"position\":3,\"name\":\"Maratona delle Dolomiti\"}]},{\"@type\":\"WebSite\",\"@id\":\"https:\/\/www.heroad.it\/#website\",\"url\":\"https:\/\/www.heroad.it\/\",\"name\":\"HEROAD\",\"description\":\"designed by greatness\",\"publisher\":{\"@id\":\"https:\/\/www.heroad.it\/#organization\"},\"potentialAction\":[{\"@type\":\"SearchAction\",\"target\":{\"@type\":\"EntryPoint\",\"urlTemplate\":\"https:\/\/www.heroad.it\/?s={search_term_string}\"},\"query-input\":\"required name=search_term_string\"}],\"inLanguage\":\"es\"},{\"@type\":\"Organization\",\"@id\":\"https:\/\/www.heroad.it\/#organization\",\"name\":\"Heroad\",\"url\":\"https:\/\/www.heroad.it\/\",\"logo\":{\"@type\":\"ImageObject\",\"inLanguage\":\"es\",\"@id\":\"https:\/\/www.heroad.it\/#\/schema\/logo\/image\/\",\"url\":\"https:\/\/www.heroad.it\/wp-content\/uploads\/2021\/04\/PNG_logoheroad_scritta_black_con-pay.png\",\"contentUrl\":\"https:\/\/www.heroad.it\/wp-content\/uploads\/2021\/04\/PNG_logoheroad_scritta_black_con-pay.png\",\"width\":2402,\"height\":945,\"caption\":\"Heroad\"},\"image\":{\"@id\":\"https:\/\/www.heroad.it\/#\/schema\/logo\/image\/\"},\"sameAs\":[\"https:\/\/www.facebook.com\/labottegadialcide\",\"https:\/\/www.instagram.com\/heroad_official\/\"]}]}<\/script>\n<!-- \/ Yoast SEO plugin. -->","yoast_head_json":{"title":"Maratona delle Dolomiti - Le gare del ciclismo in 3D - HEROAD","description":"Porta la Maratona delle Dolomiti a casa tua. Realizzato a mano in Italia con materiali eco-sostenibili e con una maniacale attenzione ai dettagli.","robots":{"index":"index","follow":"follow","max-snippet":"max-snippet:-1","max-image-preview":"max-image-preview:large","max-video-preview":"max-video-preview:-1"},"canonical":"https:\/\/www.heroad.it\/es\/product\/maratona-delle-dolomiti\/","og_locale":"es_ES","og_type":"article","og_title":"Maratona delle Dolomiti - Le gare del ciclismo in 3D - HEROAD","og_description":"Porta la Maratona delle Dolomiti a casa tua. Realizzato a mano in Italia con materiali eco-sostenibili e con una maniacale attenzione ai dettagli.","og_url":"https:\/\/www.heroad.it\/es\/product\/maratona-delle-dolomiti\/","og_site_name":"HEROAD","article_publisher":"https:\/\/www.facebook.com\/labottegadialcide","article_modified_time":"2025-04-26T09:33:26+00:00","og_image":[{"width":1400,"height":1400,"url":"https:\/\/www.heroad.it\/wp-content\/uploads\/2021\/09\/Maratonadelledolomiti_1.jpg","type":"image\/jpeg"}],"twitter_card":"summary_large_image","schema":{"@context":"https:\/\/schema.org","@graph":[{"@type":"WebPage","@id":"https:\/\/www.heroad.it\/prodotto\/maratona-delle-dolomiti","url":"https:\/\/www.heroad.it\/prodotto\/maratona-delle-dolomiti","name":"Maratona delle Dolomiti - Le gare del ciclismo in 3D - HEROAD","isPartOf":{"@id":"https:\/\/www.heroad.it\/#website"},"datePublished":"2021-09-08T15:01:22+00:00","dateModified":"2025-04-26T09:33:26+00:00","description":"Porta la Maratona delle Dolomiti a casa tua. Realizzato a mano in Italia con materiali eco-sostenibili e con una maniacale attenzione ai dettagli.","breadcrumb":{"@id":"https:\/\/www.heroad.it\/prodotto\/maratona-delle-dolomiti#breadcrumb"},"inLanguage":"es","potentialAction":[{"@type":"ReadAction","target":["https:\/\/www.heroad.it\/prodotto\/maratona-delle-dolomiti"]}]},{"@type":"BreadcrumbList","@id":"https:\/\/www.heroad.it\/prodotto\/maratona-delle-dolomiti#breadcrumb","itemListElement":[{"@type":"ListItem","position":1,"name":"Home","item":"https:\/\/www.heroad.it\/"},{"@type":"ListItem","position":2,"name":"Shop","item":"https:\/\/www.heroad.it\/shop"},{"@type":"ListItem","position":3,"name":"Maratona delle Dolomiti"}]},{"@type":"WebSite","@id":"https:\/\/www.heroad.it\/#website","url":"https:\/\/www.heroad.it\/","name":"HEROAD","description":"designed by greatness","publisher":{"@id":"https:\/\/www.heroad.it\/#organization"},"potentialAction":[{"@type":"SearchAction","target":{"@type":"EntryPoint","urlTemplate":"https:\/\/www.heroad.it\/?s={search_term_string}"},"query-input":"required name=search_term_string"}],"inLanguage":"es"},{"@type":"Organization","@id":"https:\/\/www.heroad.it\/#organization","name":"Heroad","url":"https:\/\/www.heroad.it\/","logo":{"@type":"ImageObject","inLanguage":"es","@id":"https:\/\/www.heroad.it\/#\/schema\/logo\/image\/","url":"https:\/\/www.heroad.it\/wp-content\/uploads\/2021\/04\/PNG_logoheroad_scritta_black_con-pay.png","contentUrl":"https:\/\/www.heroad.it\/wp-content\/uploads\/2021\/04\/PNG_logoheroad_scritta_black_con-pay.png","width":2402,"height":945,"caption":"Heroad"},"image":{"@id":"https:\/\/www.heroad.it\/#\/schema\/logo\/image\/"},"sameAs":["https:\/\/www.facebook.com\/labottegadialcide","https:\/\/www.instagram.com\/heroad_official\/"]}]}},"jetpack_sharing_enabled":true,"_links":{"self":[{"href":"https:\/\/www.heroad.it\/es\/wp-json\/wp\/v2\/product\/20071","targetHints":{"allow":["GET"]}}],"collection":[{"href":"https:\/\/www.heroad.it\/es\/wp-json\/wp\/v2\/product"}],"about":[{"href":"https:\/\/www.heroad.it\/es\/wp-json\/wp\/v2\/types\/product"}],"replies":[{"embeddable":true,"href":"https:\/\/www.heroad.it\/es\/wp-json\/wp\/v2\/comments?post=20071"}],"wp:featuredmedia":[{"embeddable":true,"href":"https:\/\/www.heroad.it\/es\/wp-json\/wp\/v2\/media\/20082"}],"wp:attachment":[{"href":"https:\/\/www.heroad.it\/es\/wp-json\/wp\/v2\/media?parent=20071"}],"wp:term":[{"taxonomy":"product_cat","embeddable":true,"href":"https:\/\/www.heroad.it\/es\/wp-json\/wp\/v2\/product_cat?post=20071"},{"taxonomy":"product_tag","embeddable":true,"href":"https:\/\/www.heroad.it\/es\/wp-json\/wp\/v2\/product_tag?post=20071"}],"curies":[{"name":"wp","href":"https:\/\/api.w.org\/{rel}","templated":true}]}}