{"id":18401,"date":"2021-05-07T19:06:42","date_gmt":"2021-05-07T17:06:42","guid":{"rendered":"https:\/\/www.heroad.it\/?post_type=product&#038;p=18401"},"modified":"2025-04-26T11:32:59","modified_gmt":"2025-04-26T09:32:59","slug":"fiandre","status":"publish","type":"product","link":"https:\/\/www.heroad.it\/es\/product\/fiandre","title":{"rendered":"Fiandre"},"content":{"rendered":"<p>Il percorso si snoda per 254 chilometri da Anversa a Oudenaarde con 19 muri da attraversare. I primi 100 chilometri non presentano nessun tipo di difficolt\u00e0 poi si inizia a fare sul serio. Katterberg e il Vecchio Kwaremont danno il via alla corsa circa a met\u00e0 percorso ma \u00e8 la sequenza di nove muri in circa 50 chilometri a far esplodere la contesa. Primo trittico con Kortekeer, Eikenberg e Wolvenberg a creare la prima sensazione di fatica, poi Moleberg, Marbourghstraat, Berendries e Valkenberg a ravvivare il Fiandre verso le zone decisive. A seguire il Ten Houte, pi\u00f9 di un chilometro di pav\u00e8 con pendenze massime del 20%. Segue il Kanarieberg prima di affrontare ancora il Vecchio Kwaremont a poco pi\u00f9 di 50 chilometri dal traguardo. Selezione pura, anche perch\u00e9 subito dopo tocca al Paterberg, strappo breve di 370 metri con punte del 20% che di solito crea scompiglio.<br \/>\nC\u2019\u00e8 ancora da salire e lottare perch\u00e9 arriva il Koppenberg \u2013 punte del 22% &#8211; prima di un altro trittico di rispetto con Steenbeekdries, Taaienberg e Kruisberg.<br \/>\nSe a questo punto i pretendenti sono ancora tanti per la vittoria, a decidere la corsa \u00e8 la la coppia finale composta ancora da Kwaremont e Paterberg a circa 13 chilometri dal traguardo. Finale verso Oudenaarde pianeggiante.<\/p>\n<p>[sgpx gpx=&#8221;\/wp-content\/uploads\/gpx\/rvv-2021.gpx&#8221;]<\/p>","protected":false},"excerpt":{"rendered":"<ul>\n<li>Dise\u00f1ado y producido en Italia en material 100% Bio<\/li>\n<li>Dimensioni: 8 x 31 x 6 cm (Altezza x Lunghezza x Profondit\u00e0)<\/li>\n<li>Disponible en 11 colores<\/li>\n<li><span style=\"color: #cd2220; font-weight: bold;\">Ordina le 5 Classiche Monumento a soli 209 euro (anzich\u00e9 295) inserendo il codice sconto &#8220;5CLASSICHE&#8221; <\/span><\/li>\n<\/ul>","protected":false},"featured_media":19012,"comment_status":"open","ping_status":"closed","template":"","meta":[],"product_cat":[191],"product_tag":[188,185],"class_list":{"0":"post-18401","1":"product","2":"type-product","3":"status-publish","4":"has-post-thumbnail","6":"product_cat-gare","7":"product_tag-best-seller","8":"product_tag-classiche-monumento","10":"first","11":"instock","12":"sale","13":"taxable","14":"shipping-taxable","15":"purchasable","16":"product-type-variable","17":"has-default-attributes"},"yoast_head":"<!-- This site is optimized with the Yoast SEO plugin v20.5 - https:\/\/yoast.com\/wordpress\/plugins\/seo\/ -->\n<title>Fiandre - Le grandi salite del ciclismo in 3D - HEROAD<\/title>\n<meta name=\"description\" content=\"Porta il Giro delle Fiandre a casa tua. Realizzato a mano in Italia con materiali eco-sostenibili e con una maniacale attenzione ai dettagli.\" \/>\n<meta name=\"robots\" content=\"index, follow, max-snippet:-1, max-image-preview:large, max-video-preview:-1\" \/>\n<link rel=\"canonical\" href=\"https:\/\/www.heroad.it\/es\/product\/fiandre\/\" \/>\n<meta property=\"og:locale\" content=\"es_ES\" \/>\n<meta property=\"og:type\" content=\"article\" \/>\n<meta property=\"og:title\" content=\"Fiandre - Le grandi salite del ciclismo in 3D - HEROAD\" \/>\n<meta property=\"og:description\" content=\"Porta il Giro delle Fiandre a casa tua. Realizzato a mano in Italia con materiali eco-sostenibili e con una maniacale attenzione ai dettagli.\" \/>\n<meta property=\"og:url\" content=\"https:\/\/www.heroad.it\/es\/product\/fiandre\/\" \/>\n<meta property=\"og:site_name\" content=\"HEROAD\" \/>\n<meta property=\"article:publisher\" content=\"https:\/\/www.facebook.com\/labottegadialcide\" \/>\n<meta property=\"article:modified_time\" content=\"2025-04-26T09:32:59+00:00\" \/>\n<meta property=\"og:image\" content=\"https:\/\/www.heroad.it\/wp-content\/uploads\/2021\/05\/IMG_7714-1.jpg\" \/>\n\t<meta property=\"og:image:width\" content=\"1400\" \/>\n\t<meta property=\"og:image:height\" content=\"1400\" \/>\n\t<meta property=\"og:image:type\" content=\"image\/jpeg\" \/>\n<meta name=\"twitter:card\" content=\"summary_large_image\" \/>\n<meta name=\"twitter:label1\" content=\"Tiempo de lectura\" \/>\n\t<meta name=\"twitter:data1\" content=\"1 minuto\" \/>\n<script type=\"application\/ld+json\" class=\"yoast-schema-graph\">{\"@context\":\"https:\/\/schema.org\",\"@graph\":[{\"@type\":\"WebPage\",\"@id\":\"https:\/\/www.heroad.it\/prodotto\/fiandre\",\"url\":\"https:\/\/www.heroad.it\/prodotto\/fiandre\",\"name\":\"Fiandre - Le grandi salite del ciclismo in 3D - HEROAD\",\"isPartOf\":{\"@id\":\"https:\/\/www.heroad.it\/#website\"},\"datePublished\":\"2021-05-07T17:06:42+00:00\",\"dateModified\":\"2025-04-26T09:32:59+00:00\",\"description\":\"Porta il Giro delle Fiandre a casa tua. Realizzato a mano in Italia con materiali eco-sostenibili e con una maniacale attenzione ai dettagli.\",\"breadcrumb\":{\"@id\":\"https:\/\/www.heroad.it\/prodotto\/fiandre#breadcrumb\"},\"inLanguage\":\"es\",\"potentialAction\":[{\"@type\":\"ReadAction\",\"target\":[\"https:\/\/www.heroad.it\/prodotto\/fiandre\"]}]},{\"@type\":\"BreadcrumbList\",\"@id\":\"https:\/\/www.heroad.it\/prodotto\/fiandre#breadcrumb\",\"itemListElement\":[{\"@type\":\"ListItem\",\"position\":1,\"name\":\"Home\",\"item\":\"https:\/\/www.heroad.it\/\"},{\"@type\":\"ListItem\",\"position\":2,\"name\":\"Shop\",\"item\":\"https:\/\/www.heroad.it\/shop\"},{\"@type\":\"ListItem\",\"position\":3,\"name\":\"Fiandre\"}]},{\"@type\":\"WebSite\",\"@id\":\"https:\/\/www.heroad.it\/#website\",\"url\":\"https:\/\/www.heroad.it\/\",\"name\":\"HEROAD\",\"description\":\"designed by greatness\",\"publisher\":{\"@id\":\"https:\/\/www.heroad.it\/#organization\"},\"potentialAction\":[{\"@type\":\"SearchAction\",\"target\":{\"@type\":\"EntryPoint\",\"urlTemplate\":\"https:\/\/www.heroad.it\/?s={search_term_string}\"},\"query-input\":\"required name=search_term_string\"}],\"inLanguage\":\"es\"},{\"@type\":\"Organization\",\"@id\":\"https:\/\/www.heroad.it\/#organization\",\"name\":\"Heroad\",\"url\":\"https:\/\/www.heroad.it\/\",\"logo\":{\"@type\":\"ImageObject\",\"inLanguage\":\"es\",\"@id\":\"https:\/\/www.heroad.it\/#\/schema\/logo\/image\/\",\"url\":\"https:\/\/www.heroad.it\/wp-content\/uploads\/2021\/04\/PNG_logoheroad_scritta_black_con-pay.png\",\"contentUrl\":\"https:\/\/www.heroad.it\/wp-content\/uploads\/2021\/04\/PNG_logoheroad_scritta_black_con-pay.png\",\"width\":2402,\"height\":945,\"caption\":\"Heroad\"},\"image\":{\"@id\":\"https:\/\/www.heroad.it\/#\/schema\/logo\/image\/\"},\"sameAs\":[\"https:\/\/www.facebook.com\/labottegadialcide\",\"https:\/\/www.instagram.com\/heroad_official\/\"]}]}<\/script>\n<!-- \/ Yoast SEO plugin. -->","yoast_head_json":{"title":"Fiandre - Le grandi salite del ciclismo in 3D - HEROAD","description":"Porta il Giro delle Fiandre a casa tua. Realizzato a mano in Italia con materiali eco-sostenibili e con una maniacale attenzione ai dettagli.","robots":{"index":"index","follow":"follow","max-snippet":"max-snippet:-1","max-image-preview":"max-image-preview:large","max-video-preview":"max-video-preview:-1"},"canonical":"https:\/\/www.heroad.it\/es\/product\/fiandre\/","og_locale":"es_ES","og_type":"article","og_title":"Fiandre - Le grandi salite del ciclismo in 3D - HEROAD","og_description":"Porta il Giro delle Fiandre a casa tua. Realizzato a mano in Italia con materiali eco-sostenibili e con una maniacale attenzione ai dettagli.","og_url":"https:\/\/www.heroad.it\/es\/product\/fiandre\/","og_site_name":"HEROAD","article_publisher":"https:\/\/www.facebook.com\/labottegadialcide","article_modified_time":"2025-04-26T09:32:59+00:00","og_image":[{"width":1400,"height":1400,"url":"https:\/\/www.heroad.it\/wp-content\/uploads\/2021\/05\/IMG_7714-1.jpg","type":"image\/jpeg"}],"twitter_card":"summary_large_image","twitter_misc":{"Tiempo de lectura":"1 minuto"},"schema":{"@context":"https:\/\/schema.org","@graph":[{"@type":"WebPage","@id":"https:\/\/www.heroad.it\/prodotto\/fiandre","url":"https:\/\/www.heroad.it\/prodotto\/fiandre","name":"Fiandre - Le grandi salite del ciclismo in 3D - HEROAD","isPartOf":{"@id":"https:\/\/www.heroad.it\/#website"},"datePublished":"2021-05-07T17:06:42+00:00","dateModified":"2025-04-26T09:32:59+00:00","description":"Porta il Giro delle Fiandre a casa tua. Realizzato a mano in Italia con materiali eco-sostenibili e con una maniacale attenzione ai dettagli.","breadcrumb":{"@id":"https:\/\/www.heroad.it\/prodotto\/fiandre#breadcrumb"},"inLanguage":"es","potentialAction":[{"@type":"ReadAction","target":["https:\/\/www.heroad.it\/prodotto\/fiandre"]}]},{"@type":"BreadcrumbList","@id":"https:\/\/www.heroad.it\/prodotto\/fiandre#breadcrumb","itemListElement":[{"@type":"ListItem","position":1,"name":"Home","item":"https:\/\/www.heroad.it\/"},{"@type":"ListItem","position":2,"name":"Shop","item":"https:\/\/www.heroad.it\/shop"},{"@type":"ListItem","position":3,"name":"Fiandre"}]},{"@type":"WebSite","@id":"https:\/\/www.heroad.it\/#website","url":"https:\/\/www.heroad.it\/","name":"HEROAD","description":"designed by greatness","publisher":{"@id":"https:\/\/www.heroad.it\/#organization"},"potentialAction":[{"@type":"SearchAction","target":{"@type":"EntryPoint","urlTemplate":"https:\/\/www.heroad.it\/?s={search_term_string}"},"query-input":"required name=search_term_string"}],"inLanguage":"es"},{"@type":"Organization","@id":"https:\/\/www.heroad.it\/#organization","name":"Heroad","url":"https:\/\/www.heroad.it\/","logo":{"@type":"ImageObject","inLanguage":"es","@id":"https:\/\/www.heroad.it\/#\/schema\/logo\/image\/","url":"https:\/\/www.heroad.it\/wp-content\/uploads\/2021\/04\/PNG_logoheroad_scritta_black_con-pay.png","contentUrl":"https:\/\/www.heroad.it\/wp-content\/uploads\/2021\/04\/PNG_logoheroad_scritta_black_con-pay.png","width":2402,"height":945,"caption":"Heroad"},"image":{"@id":"https:\/\/www.heroad.it\/#\/schema\/logo\/image\/"},"sameAs":["https:\/\/www.facebook.com\/labottegadialcide","https:\/\/www.instagram.com\/heroad_official\/"]}]}},"jetpack_sharing_enabled":true,"_links":{"self":[{"href":"https:\/\/www.heroad.it\/es\/wp-json\/wp\/v2\/product\/18401","targetHints":{"allow":["GET"]}}],"collection":[{"href":"https:\/\/www.heroad.it\/es\/wp-json\/wp\/v2\/product"}],"about":[{"href":"https:\/\/www.heroad.it\/es\/wp-json\/wp\/v2\/types\/product"}],"replies":[{"embeddable":true,"href":"https:\/\/www.heroad.it\/es\/wp-json\/wp\/v2\/comments?post=18401"}],"wp:featuredmedia":[{"embeddable":true,"href":"https:\/\/www.heroad.it\/es\/wp-json\/wp\/v2\/media\/19012"}],"wp:attachment":[{"href":"https:\/\/www.heroad.it\/es\/wp-json\/wp\/v2\/media?parent=18401"}],"wp:term":[{"taxonomy":"product_cat","embeddable":true,"href":"https:\/\/www.heroad.it\/es\/wp-json\/wp\/v2\/product_cat?post=18401"},{"taxonomy":"product_tag","embeddable":true,"href":"https:\/\/www.heroad.it\/es\/wp-json\/wp\/v2\/product_tag?post=18401"}],"curies":[{"name":"wp","href":"https:\/\/api.w.org\/{rel}","templated":true}]}}