{"id":17836,"date":"2021-05-06T15:53:25","date_gmt":"2021-05-06T13:53:25","guid":{"rendered":"https:\/\/www.heroad.it\/?post_type=product&#038;p=17836"},"modified":"2025-04-26T11:33:53","modified_gmt":"2025-04-26T09:33:53","slug":"stelvio-da-bormio","status":"publish","type":"product","link":"https:\/\/www.heroad.it\/es\/product\/stelvio-da-bormio","title":{"rendered":"Stelvio da Bormio"},"content":{"rendered":"<p>Il passo dello Stelvio \u00e8 una salita storica del ciclismo, \u00e8 stata infatti percorsa dal Giro d&#8217;Italia molte volte ed \u00e8 spesso stata teatro delle imprese di grandi campioni.<br \/>\nLa salita dal versante lombardo parte da Bormio (1.225 m s.l.m) ed \u00e8 lunga 21 km.<br \/>\nLa pendenza della salita parte subito impegnativa con tratti in cui si pu\u00f2 riprendere fiato. Dopo 15 km si raggiunge un tratto di circa un chilometro, con pendenza moderate, da cui si comincia a intravedere la sommit\u00e0 della salita. Gli ultimi 4 km sono i pi\u00f9 duri ed impegnativi, con pendenze sopra l&#8217;8%.<br \/>\nE\u2019 stata Cima Coppi per 12 volte.<br \/>\nIl valico \u00e8 entrato nel mondo del ciclismo nel 1953, quando \u00e8 stato inserito per la prima volta nel tracciato del Giro d&#8217;Italia. In quell&#8217;occasione lo Stelvio \u00e8 stato teatro di una delle ultime grandi imprese di Fausto Coppi: nella penultima tappa, da Bolzano a Bormio, il campione ormai trentaquattrenne stacc\u00f2 il leader della classifica, conquist\u00f2 la maglia rosa e vinse il suo quinto e ultimo Giro.<\/p>\n<p>[sgpx gpx=&#8221;\/wp-content\/uploads\/gpx\/Passo_dello_Stelvio_Bormio_.gpx&#8221;]<\/p>","protected":false},"excerpt":{"rendered":"<h4>21km \u2013 media 7,1% \u2013 1533m+<\/h4>\n<ul>\n<li>Dise\u00f1ado y producido en Italia en material 100% Bio<\/li>\n<li>Dimensioni: 19 x 32 x 16 cm (Altezza x Lunghezza x Profondit\u00e0)<\/li>\n<li>Disponible en 10 colores<\/li>\n<\/ul>","protected":false},"featured_media":17847,"comment_status":"open","ping_status":"closed","template":"","meta":[],"product_cat":[190],"product_tag":[188],"class_list":{"0":"post-17836","1":"product","2":"type-product","3":"status-publish","4":"has-post-thumbnail","6":"product_cat-salite","7":"product_tag-best-seller","9":"first","10":"instock","11":"sale","12":"taxable","13":"shipping-taxable","14":"purchasable","15":"product-type-variable","16":"has-default-attributes"},"yoast_head":"<!-- This site is optimized with the Yoast SEO plugin v20.5 - https:\/\/yoast.com\/wordpress\/plugins\/seo\/ -->\n<title>Stelvio da Bormio - HEROAD - Le grandi salite del ciclismo in 3D<\/title>\n<meta name=\"description\" content=\"Rappresentazione altimetrica 3D delle grandi salite del ciclismo mondiale. Oggetto di design in scala per rivivere le emozioni di una grande impresa.\" \/>\n<meta name=\"robots\" content=\"index, follow, max-snippet:-1, max-image-preview:large, max-video-preview:-1\" \/>\n<link rel=\"canonical\" href=\"https:\/\/www.heroad.it\/es\/product\/stelvio-da-bormio\/\" \/>\n<meta property=\"og:locale\" content=\"es_ES\" \/>\n<meta property=\"og:type\" content=\"article\" \/>\n<meta property=\"og:title\" content=\"Stelvio da Bormio - HEROAD - Le grandi salite del ciclismo in 3D\" \/>\n<meta property=\"og:description\" content=\"Rappresentazione altimetrica 3D delle grandi salite del ciclismo mondiale. Oggetto di design in scala per rivivere le emozioni di una grande impresa.\" \/>\n<meta property=\"og:url\" content=\"https:\/\/www.heroad.it\/es\/product\/stelvio-da-bormio\/\" \/>\n<meta property=\"og:site_name\" content=\"HEROAD\" \/>\n<meta property=\"article:publisher\" content=\"https:\/\/www.facebook.com\/labottegadialcide\" \/>\n<meta property=\"article:modified_time\" content=\"2025-04-26T09:33:53+00:00\" \/>\n<meta property=\"og:image\" content=\"https:\/\/www.heroad.it\/wp-content\/uploads\/2021\/05\/StelvioB_1.jpg\" \/>\n\t<meta property=\"og:image:width\" content=\"1400\" \/>\n\t<meta property=\"og:image:height\" content=\"1400\" \/>\n\t<meta property=\"og:image:type\" content=\"image\/jpeg\" \/>\n<meta name=\"twitter:card\" content=\"summary_large_image\" \/>\n<meta name=\"twitter:label1\" content=\"Tiempo de lectura\" \/>\n\t<meta name=\"twitter:data1\" content=\"1 minuto\" \/>\n<script type=\"application\/ld+json\" class=\"yoast-schema-graph\">{\"@context\":\"https:\/\/schema.org\",\"@graph\":[{\"@type\":\"WebPage\",\"@id\":\"https:\/\/www.heroad.it\/prodotto\/stelvio-da-bormio\",\"url\":\"https:\/\/www.heroad.it\/prodotto\/stelvio-da-bormio\",\"name\":\"Stelvio da Bormio - HEROAD - Le grandi salite del ciclismo in 3D\",\"isPartOf\":{\"@id\":\"https:\/\/www.heroad.it\/#website\"},\"datePublished\":\"2021-05-06T13:53:25+00:00\",\"dateModified\":\"2025-04-26T09:33:53+00:00\",\"description\":\"Rappresentazione altimetrica 3D delle grandi salite del ciclismo mondiale. Oggetto di design in scala per rivivere le emozioni di una grande impresa.\",\"breadcrumb\":{\"@id\":\"https:\/\/www.heroad.it\/prodotto\/stelvio-da-bormio#breadcrumb\"},\"inLanguage\":\"es\",\"potentialAction\":[{\"@type\":\"ReadAction\",\"target\":[\"https:\/\/www.heroad.it\/prodotto\/stelvio-da-bormio\"]}]},{\"@type\":\"BreadcrumbList\",\"@id\":\"https:\/\/www.heroad.it\/prodotto\/stelvio-da-bormio#breadcrumb\",\"itemListElement\":[{\"@type\":\"ListItem\",\"position\":1,\"name\":\"Home\",\"item\":\"https:\/\/www.heroad.it\/\"},{\"@type\":\"ListItem\",\"position\":2,\"name\":\"Shop\",\"item\":\"https:\/\/www.heroad.it\/shop\"},{\"@type\":\"ListItem\",\"position\":3,\"name\":\"Stelvio da Bormio\"}]},{\"@type\":\"WebSite\",\"@id\":\"https:\/\/www.heroad.it\/#website\",\"url\":\"https:\/\/www.heroad.it\/\",\"name\":\"HEROAD\",\"description\":\"designed by greatness\",\"publisher\":{\"@id\":\"https:\/\/www.heroad.it\/#organization\"},\"potentialAction\":[{\"@type\":\"SearchAction\",\"target\":{\"@type\":\"EntryPoint\",\"urlTemplate\":\"https:\/\/www.heroad.it\/?s={search_term_string}\"},\"query-input\":\"required name=search_term_string\"}],\"inLanguage\":\"es\"},{\"@type\":\"Organization\",\"@id\":\"https:\/\/www.heroad.it\/#organization\",\"name\":\"Heroad\",\"url\":\"https:\/\/www.heroad.it\/\",\"logo\":{\"@type\":\"ImageObject\",\"inLanguage\":\"es\",\"@id\":\"https:\/\/www.heroad.it\/#\/schema\/logo\/image\/\",\"url\":\"https:\/\/www.heroad.it\/wp-content\/uploads\/2021\/04\/PNG_logoheroad_scritta_black_con-pay.png\",\"contentUrl\":\"https:\/\/www.heroad.it\/wp-content\/uploads\/2021\/04\/PNG_logoheroad_scritta_black_con-pay.png\",\"width\":2402,\"height\":945,\"caption\":\"Heroad\"},\"image\":{\"@id\":\"https:\/\/www.heroad.it\/#\/schema\/logo\/image\/\"},\"sameAs\":[\"https:\/\/www.facebook.com\/labottegadialcide\",\"https:\/\/www.instagram.com\/heroad_official\/\"]}]}<\/script>\n<!-- \/ Yoast SEO plugin. -->","yoast_head_json":{"title":"Stelvio da Bormio - HEROAD - Le grandi salite del ciclismo in 3D","description":"Rappresentazione altimetrica 3D delle grandi salite del ciclismo mondiale. Oggetto di design in scala per rivivere le emozioni di una grande impresa.","robots":{"index":"index","follow":"follow","max-snippet":"max-snippet:-1","max-image-preview":"max-image-preview:large","max-video-preview":"max-video-preview:-1"},"canonical":"https:\/\/www.heroad.it\/es\/product\/stelvio-da-bormio\/","og_locale":"es_ES","og_type":"article","og_title":"Stelvio da Bormio - HEROAD - Le grandi salite del ciclismo in 3D","og_description":"Rappresentazione altimetrica 3D delle grandi salite del ciclismo mondiale. Oggetto di design in scala per rivivere le emozioni di una grande impresa.","og_url":"https:\/\/www.heroad.it\/es\/product\/stelvio-da-bormio\/","og_site_name":"HEROAD","article_publisher":"https:\/\/www.facebook.com\/labottegadialcide","article_modified_time":"2025-04-26T09:33:53+00:00","og_image":[{"width":1400,"height":1400,"url":"https:\/\/www.heroad.it\/wp-content\/uploads\/2021\/05\/StelvioB_1.jpg","type":"image\/jpeg"}],"twitter_card":"summary_large_image","twitter_misc":{"Tiempo de lectura":"1 minuto"},"schema":{"@context":"https:\/\/schema.org","@graph":[{"@type":"WebPage","@id":"https:\/\/www.heroad.it\/prodotto\/stelvio-da-bormio","url":"https:\/\/www.heroad.it\/prodotto\/stelvio-da-bormio","name":"Stelvio da Bormio - HEROAD - Le grandi salite del ciclismo in 3D","isPartOf":{"@id":"https:\/\/www.heroad.it\/#website"},"datePublished":"2021-05-06T13:53:25+00:00","dateModified":"2025-04-26T09:33:53+00:00","description":"Rappresentazione altimetrica 3D delle grandi salite del ciclismo mondiale. Oggetto di design in scala per rivivere le emozioni di una grande impresa.","breadcrumb":{"@id":"https:\/\/www.heroad.it\/prodotto\/stelvio-da-bormio#breadcrumb"},"inLanguage":"es","potentialAction":[{"@type":"ReadAction","target":["https:\/\/www.heroad.it\/prodotto\/stelvio-da-bormio"]}]},{"@type":"BreadcrumbList","@id":"https:\/\/www.heroad.it\/prodotto\/stelvio-da-bormio#breadcrumb","itemListElement":[{"@type":"ListItem","position":1,"name":"Home","item":"https:\/\/www.heroad.it\/"},{"@type":"ListItem","position":2,"name":"Shop","item":"https:\/\/www.heroad.it\/shop"},{"@type":"ListItem","position":3,"name":"Stelvio da Bormio"}]},{"@type":"WebSite","@id":"https:\/\/www.heroad.it\/#website","url":"https:\/\/www.heroad.it\/","name":"HEROAD","description":"designed by greatness","publisher":{"@id":"https:\/\/www.heroad.it\/#organization"},"potentialAction":[{"@type":"SearchAction","target":{"@type":"EntryPoint","urlTemplate":"https:\/\/www.heroad.it\/?s={search_term_string}"},"query-input":"required name=search_term_string"}],"inLanguage":"es"},{"@type":"Organization","@id":"https:\/\/www.heroad.it\/#organization","name":"Heroad","url":"https:\/\/www.heroad.it\/","logo":{"@type":"ImageObject","inLanguage":"es","@id":"https:\/\/www.heroad.it\/#\/schema\/logo\/image\/","url":"https:\/\/www.heroad.it\/wp-content\/uploads\/2021\/04\/PNG_logoheroad_scritta_black_con-pay.png","contentUrl":"https:\/\/www.heroad.it\/wp-content\/uploads\/2021\/04\/PNG_logoheroad_scritta_black_con-pay.png","width":2402,"height":945,"caption":"Heroad"},"image":{"@id":"https:\/\/www.heroad.it\/#\/schema\/logo\/image\/"},"sameAs":["https:\/\/www.facebook.com\/labottegadialcide","https:\/\/www.instagram.com\/heroad_official\/"]}]}},"jetpack_sharing_enabled":true,"_links":{"self":[{"href":"https:\/\/www.heroad.it\/es\/wp-json\/wp\/v2\/product\/17836","targetHints":{"allow":["GET"]}}],"collection":[{"href":"https:\/\/www.heroad.it\/es\/wp-json\/wp\/v2\/product"}],"about":[{"href":"https:\/\/www.heroad.it\/es\/wp-json\/wp\/v2\/types\/product"}],"replies":[{"embeddable":true,"href":"https:\/\/www.heroad.it\/es\/wp-json\/wp\/v2\/comments?post=17836"}],"wp:featuredmedia":[{"embeddable":true,"href":"https:\/\/www.heroad.it\/es\/wp-json\/wp\/v2\/media\/17847"}],"wp:attachment":[{"href":"https:\/\/www.heroad.it\/es\/wp-json\/wp\/v2\/media?parent=17836"}],"wp:term":[{"taxonomy":"product_cat","embeddable":true,"href":"https:\/\/www.heroad.it\/es\/wp-json\/wp\/v2\/product_cat?post=17836"},{"taxonomy":"product_tag","embeddable":true,"href":"https:\/\/www.heroad.it\/es\/wp-json\/wp\/v2\/product_tag?post=17836"}],"curies":[{"name":"wp","href":"https:\/\/api.w.org\/{rel}","templated":true}]}}