{"id":17688,"date":"2021-05-06T14:31:11","date_gmt":"2021-05-06T12:31:11","guid":{"rendered":"https:\/\/www.heroad.it\/?post_type=product&#038;p=17688"},"modified":"2025-04-26T11:33:41","modified_gmt":"2025-04-26T09:33:41","slug":"pordoi","status":"publish","type":"product","link":"https:\/\/www.heroad.it\/es\/product\/pordoi","title":{"rendered":"Pordoi"},"content":{"rendered":"<p>Passo Pordoi \u00e8 un nome che ricorre spesso nelle menti degli appassionati di ciclismo.<br \/>\nSu questa strada si sono segnate imprese che hanno fatto la storia di questo nobile sport, non per nulla in cima al passo, al cospetto della vetta del Sass Pordoi, il comune di Canazei ha eretto un monumento in onore del Campionissimo Fausto Coppi.<br \/>\nLa salita, che inizia da Canazei ed \u00e8 lunga 12 km, per un dislivello di circa 800 m, non presenta nessun tratto particolarmente impegnativo e le pendenze si mantengono<br \/>\ncostantemente intorno al 6%.<br \/>\nIl Passo Pordoi \u00e8 stato scalato per la prima volta nel 1940 al Giro d&#8217;Italia ed \u00e8 uno dei pi\u00f9 famosi passi dolomitici percorsi svariate volte. Inoltre dal 1965, anno di istituzione della Cima Coppi, \u00e8 stato per ben 13 volte il passaggio pi\u00f9 alto della competizione.<\/p>\n<p>[sgpx gpx=&#8221;\/wp-content\/uploads\/gpx\/4-strava.segments.9673272.Passo-Pordoi-da-Canazei-climb.gpx&#8221;]<\/p>","protected":false},"excerpt":{"rendered":"<h4>Pordoi da Canazei<\/h4>\n<h4>12,3km \u2013 media 6% \u2013 790m+<\/h4>\n<ul>\n<li>Dise\u00f1ado y producido en Italia en material 100% Bio<\/li>\n<li>Dimensiones: 14 x 31 x 19 cm (Alto x Largo x Fondo)<\/li>\n<li>Disponible en 10 colores<\/li>\n<\/ul>","protected":false},"featured_media":17720,"comment_status":"open","ping_status":"closed","template":"","meta":[],"product_cat":[190],"product_tag":[188],"class_list":{"0":"post-17688","1":"product","2":"type-product","3":"status-publish","4":"has-post-thumbnail","6":"product_cat-salite","7":"product_tag-best-seller","9":"first","10":"instock","11":"sale","12":"taxable","13":"shipping-taxable","14":"purchasable","15":"product-type-variable","16":"has-default-attributes"},"yoast_head":"<!-- This site is optimized with the Yoast SEO plugin v20.5 - https:\/\/yoast.com\/wordpress\/plugins\/seo\/ -->\n<title>Pordoi - Le grandi salite del ciclismo - HEROAD<\/title>\n<meta name=\"description\" content=\"Porta il Pordoi a casa tua. Realizzato a mano in Italia con materiali eco-sostenibili e con una maniacale attenzione ai dettagli.\" \/>\n<meta name=\"robots\" content=\"index, follow, max-snippet:-1, max-image-preview:large, max-video-preview:-1\" \/>\n<link rel=\"canonical\" href=\"https:\/\/www.heroad.it\/es\/product\/pordoi\/\" \/>\n<meta property=\"og:locale\" content=\"es_ES\" \/>\n<meta property=\"og:type\" content=\"article\" \/>\n<meta property=\"og:title\" content=\"Pordoi - Le grandi salite del ciclismo - HEROAD\" \/>\n<meta property=\"og:description\" content=\"Porta il Pordoi a casa tua. Realizzato a mano in Italia con materiali eco-sostenibili e con una maniacale attenzione ai dettagli.\" \/>\n<meta property=\"og:url\" content=\"https:\/\/www.heroad.it\/es\/product\/pordoi\/\" \/>\n<meta property=\"og:site_name\" content=\"HEROAD\" \/>\n<meta property=\"article:publisher\" content=\"https:\/\/www.facebook.com\/labottegadialcide\" \/>\n<meta property=\"article:modified_time\" content=\"2025-04-26T09:33:41+00:00\" \/>\n<meta property=\"og:image\" content=\"https:\/\/www.heroad.it\/wp-content\/uploads\/2021\/05\/Pordoi-1.jpg\" \/>\n\t<meta property=\"og:image:width\" content=\"1400\" \/>\n\t<meta property=\"og:image:height\" content=\"1400\" \/>\n\t<meta property=\"og:image:type\" content=\"image\/jpeg\" \/>\n<meta name=\"twitter:card\" content=\"summary_large_image\" \/>\n<meta name=\"twitter:label1\" content=\"Tiempo de lectura\" \/>\n\t<meta name=\"twitter:data1\" content=\"1 minuto\" \/>\n<script type=\"application\/ld+json\" class=\"yoast-schema-graph\">{\"@context\":\"https:\/\/schema.org\",\"@graph\":[{\"@type\":\"WebPage\",\"@id\":\"https:\/\/www.heroad.it\/prodotto\/pordoi\",\"url\":\"https:\/\/www.heroad.it\/prodotto\/pordoi\",\"name\":\"Pordoi - Le grandi salite del ciclismo - HEROAD\",\"isPartOf\":{\"@id\":\"https:\/\/www.heroad.it\/#website\"},\"datePublished\":\"2021-05-06T12:31:11+00:00\",\"dateModified\":\"2025-04-26T09:33:41+00:00\",\"description\":\"Porta il Pordoi a casa tua. Realizzato a mano in Italia con materiali eco-sostenibili e con una maniacale attenzione ai dettagli.\",\"breadcrumb\":{\"@id\":\"https:\/\/www.heroad.it\/prodotto\/pordoi#breadcrumb\"},\"inLanguage\":\"es\",\"potentialAction\":[{\"@type\":\"ReadAction\",\"target\":[\"https:\/\/www.heroad.it\/prodotto\/pordoi\"]}]},{\"@type\":\"BreadcrumbList\",\"@id\":\"https:\/\/www.heroad.it\/prodotto\/pordoi#breadcrumb\",\"itemListElement\":[{\"@type\":\"ListItem\",\"position\":1,\"name\":\"Home\",\"item\":\"https:\/\/www.heroad.it\/\"},{\"@type\":\"ListItem\",\"position\":2,\"name\":\"Shop\",\"item\":\"https:\/\/www.heroad.it\/shop\"},{\"@type\":\"ListItem\",\"position\":3,\"name\":\"Pordoi\"}]},{\"@type\":\"WebSite\",\"@id\":\"https:\/\/www.heroad.it\/#website\",\"url\":\"https:\/\/www.heroad.it\/\",\"name\":\"HEROAD\",\"description\":\"designed by greatness\",\"publisher\":{\"@id\":\"https:\/\/www.heroad.it\/#organization\"},\"potentialAction\":[{\"@type\":\"SearchAction\",\"target\":{\"@type\":\"EntryPoint\",\"urlTemplate\":\"https:\/\/www.heroad.it\/?s={search_term_string}\"},\"query-input\":\"required name=search_term_string\"}],\"inLanguage\":\"es\"},{\"@type\":\"Organization\",\"@id\":\"https:\/\/www.heroad.it\/#organization\",\"name\":\"Heroad\",\"url\":\"https:\/\/www.heroad.it\/\",\"logo\":{\"@type\":\"ImageObject\",\"inLanguage\":\"es\",\"@id\":\"https:\/\/www.heroad.it\/#\/schema\/logo\/image\/\",\"url\":\"https:\/\/www.heroad.it\/wp-content\/uploads\/2021\/04\/PNG_logoheroad_scritta_black_con-pay.png\",\"contentUrl\":\"https:\/\/www.heroad.it\/wp-content\/uploads\/2021\/04\/PNG_logoheroad_scritta_black_con-pay.png\",\"width\":2402,\"height\":945,\"caption\":\"Heroad\"},\"image\":{\"@id\":\"https:\/\/www.heroad.it\/#\/schema\/logo\/image\/\"},\"sameAs\":[\"https:\/\/www.facebook.com\/labottegadialcide\",\"https:\/\/www.instagram.com\/heroad_official\/\"]}]}<\/script>\n<!-- \/ Yoast SEO plugin. -->","yoast_head_json":{"title":"Pordoi - Le grandi salite del ciclismo - HEROAD","description":"Porta il Pordoi a casa tua. Realizzato a mano in Italia con materiali eco-sostenibili e con una maniacale attenzione ai dettagli.","robots":{"index":"index","follow":"follow","max-snippet":"max-snippet:-1","max-image-preview":"max-image-preview:large","max-video-preview":"max-video-preview:-1"},"canonical":"https:\/\/www.heroad.it\/es\/product\/pordoi\/","og_locale":"es_ES","og_type":"article","og_title":"Pordoi - Le grandi salite del ciclismo - HEROAD","og_description":"Porta il Pordoi a casa tua. Realizzato a mano in Italia con materiali eco-sostenibili e con una maniacale attenzione ai dettagli.","og_url":"https:\/\/www.heroad.it\/es\/product\/pordoi\/","og_site_name":"HEROAD","article_publisher":"https:\/\/www.facebook.com\/labottegadialcide","article_modified_time":"2025-04-26T09:33:41+00:00","og_image":[{"width":1400,"height":1400,"url":"https:\/\/www.heroad.it\/wp-content\/uploads\/2021\/05\/Pordoi-1.jpg","type":"image\/jpeg"}],"twitter_card":"summary_large_image","twitter_misc":{"Tiempo de lectura":"1 minuto"},"schema":{"@context":"https:\/\/schema.org","@graph":[{"@type":"WebPage","@id":"https:\/\/www.heroad.it\/prodotto\/pordoi","url":"https:\/\/www.heroad.it\/prodotto\/pordoi","name":"Pordoi - Le grandi salite del ciclismo - HEROAD","isPartOf":{"@id":"https:\/\/www.heroad.it\/#website"},"datePublished":"2021-05-06T12:31:11+00:00","dateModified":"2025-04-26T09:33:41+00:00","description":"Porta il Pordoi a casa tua. Realizzato a mano in Italia con materiali eco-sostenibili e con una maniacale attenzione ai dettagli.","breadcrumb":{"@id":"https:\/\/www.heroad.it\/prodotto\/pordoi#breadcrumb"},"inLanguage":"es","potentialAction":[{"@type":"ReadAction","target":["https:\/\/www.heroad.it\/prodotto\/pordoi"]}]},{"@type":"BreadcrumbList","@id":"https:\/\/www.heroad.it\/prodotto\/pordoi#breadcrumb","itemListElement":[{"@type":"ListItem","position":1,"name":"Home","item":"https:\/\/www.heroad.it\/"},{"@type":"ListItem","position":2,"name":"Shop","item":"https:\/\/www.heroad.it\/shop"},{"@type":"ListItem","position":3,"name":"Pordoi"}]},{"@type":"WebSite","@id":"https:\/\/www.heroad.it\/#website","url":"https:\/\/www.heroad.it\/","name":"HEROAD","description":"designed by greatness","publisher":{"@id":"https:\/\/www.heroad.it\/#organization"},"potentialAction":[{"@type":"SearchAction","target":{"@type":"EntryPoint","urlTemplate":"https:\/\/www.heroad.it\/?s={search_term_string}"},"query-input":"required name=search_term_string"}],"inLanguage":"es"},{"@type":"Organization","@id":"https:\/\/www.heroad.it\/#organization","name":"Heroad","url":"https:\/\/www.heroad.it\/","logo":{"@type":"ImageObject","inLanguage":"es","@id":"https:\/\/www.heroad.it\/#\/schema\/logo\/image\/","url":"https:\/\/www.heroad.it\/wp-content\/uploads\/2021\/04\/PNG_logoheroad_scritta_black_con-pay.png","contentUrl":"https:\/\/www.heroad.it\/wp-content\/uploads\/2021\/04\/PNG_logoheroad_scritta_black_con-pay.png","width":2402,"height":945,"caption":"Heroad"},"image":{"@id":"https:\/\/www.heroad.it\/#\/schema\/logo\/image\/"},"sameAs":["https:\/\/www.facebook.com\/labottegadialcide","https:\/\/www.instagram.com\/heroad_official\/"]}]}},"jetpack_sharing_enabled":true,"_links":{"self":[{"href":"https:\/\/www.heroad.it\/es\/wp-json\/wp\/v2\/product\/17688","targetHints":{"allow":["GET"]}}],"collection":[{"href":"https:\/\/www.heroad.it\/es\/wp-json\/wp\/v2\/product"}],"about":[{"href":"https:\/\/www.heroad.it\/es\/wp-json\/wp\/v2\/types\/product"}],"replies":[{"embeddable":true,"href":"https:\/\/www.heroad.it\/es\/wp-json\/wp\/v2\/comments?post=17688"}],"wp:featuredmedia":[{"embeddable":true,"href":"https:\/\/www.heroad.it\/es\/wp-json\/wp\/v2\/media\/17720"}],"wp:attachment":[{"href":"https:\/\/www.heroad.it\/es\/wp-json\/wp\/v2\/media?parent=17688"}],"wp:term":[{"taxonomy":"product_cat","embeddable":true,"href":"https:\/\/www.heroad.it\/es\/wp-json\/wp\/v2\/product_cat?post=17688"},{"taxonomy":"product_tag","embeddable":true,"href":"https:\/\/www.heroad.it\/es\/wp-json\/wp\/v2\/product_tag?post=17688"}],"curies":[{"name":"wp","href":"https:\/\/api.w.org\/{rel}","templated":true}]}}