{"id":17604,"date":"2021-05-06T10:30:58","date_gmt":"2021-05-06T08:30:58","guid":{"rendered":"https:\/\/www.heroad.it\/?post_type=product&#038;p=17604"},"modified":"2025-04-26T11:33:35","modified_gmt":"2025-04-26T09:33:35","slug":"monte-grappa","status":"publish","type":"product","link":"https:\/\/www.heroad.it\/es\/product\/monte-grappa","title":{"rendered":"Monte Grappa"},"content":{"rendered":"<p>\u00c8 la strada preferita dai ciclisti della zona per le loro sessioni di allenamento grazie al suo graduale aumento di difficolt\u00e0: inizialmente la strada \u00e8 molto panoramica con balconate spettacolari sulla pianura sottostante.<br \/>\nDa Semonzo a Cima Grappa i chilometri da percorrere in salita sono poco pi\u00f9 di 18.<br \/>\nUna delle caratteristiche del versante sono sicuramente i suoi numerosi tornanti: ben 29. Il fatto che ve ne siano cos\u00ec tanti e che le pendenze pi\u00f9 impegnative siano concentrate solo nella seconda met\u00e0 della salita divide in due tronconi l\u2019ascesa, ed \u00e8 proprio da met\u00e0 della salita che tratti impegnativi (con pendenze fino al 15%) si alternano a tratti pedalabili che consentono di recuperare. La pendenza media della salita \u00e8 dell\u2019 8,3%.<br \/>\nAssicuratevi di avere il tempo di fermarvi in cima al Monte Grappa.<br \/>\nQuesta montagna e la sua storia sono molto, molto pi\u00f9 grandi del ciclismo.<\/p>\n<p>[sgpx gpx=&#8221;\/wp-content\/uploads\/gpx\/7-montegrappa.gpx&#8221;]<\/p>","protected":false},"excerpt":{"rendered":"<h4>Monte Grappa da Semonzo<br \/>\n18km \u2013 media 8% \u2013 1525m+<\/h4>\n<ul>\n<li>Dise\u00f1ado y producido en Italia en material 100% Bio<\/li>\n<li>Dimensioni: 15 x 30 x 6 cm (Altezza x Lunghezza x Profondit\u00e0)<\/li>\n<li>Disponible en 10 colores<\/li>\n<\/ul>","protected":false},"featured_media":17615,"comment_status":"open","ping_status":"closed","template":"","meta":[],"product_cat":[190],"product_tag":[188],"class_list":{"0":"post-17604","1":"product","2":"type-product","3":"status-publish","4":"has-post-thumbnail","6":"product_cat-salite","7":"product_tag-best-seller","9":"first","10":"instock","11":"sale","12":"taxable","13":"shipping-taxable","14":"purchasable","15":"product-type-variable","16":"has-default-attributes"},"yoast_head":"<!-- This site is optimized with the Yoast SEO plugin v20.5 - https:\/\/yoast.com\/wordpress\/plugins\/seo\/ -->\n<title>Monte Grappa - HEROAD<\/title>\n<meta name=\"description\" content=\"\u00c8 la strada preferita dai ciclisti della zona per le loro sessioni di allenamento grazie al suo graduale aumento di difficolt\u00e0: inizialmente la strada \u00e8 molto panoramica con balconate spettacolari sulla pianura sottostante.\" \/>\n<meta name=\"robots\" content=\"index, follow, max-snippet:-1, max-image-preview:large, max-video-preview:-1\" \/>\n<link rel=\"canonical\" href=\"https:\/\/www.heroad.it\/es\/product\/monte-grappa\/\" \/>\n<meta property=\"og:locale\" content=\"es_ES\" \/>\n<meta property=\"og:type\" content=\"article\" \/>\n<meta property=\"og:title\" content=\"Monte Grappa - HEROAD\" \/>\n<meta property=\"og:description\" content=\"\u00c8 la strada preferita dai ciclisti della zona per le loro sessioni di allenamento grazie al suo graduale aumento di difficolt\u00e0: inizialmente la strada \u00e8 molto panoramica con balconate spettacolari sulla pianura sottostante.\" \/>\n<meta property=\"og:url\" content=\"https:\/\/www.heroad.it\/es\/product\/monte-grappa\/\" \/>\n<meta property=\"og:site_name\" content=\"HEROAD\" \/>\n<meta property=\"article:publisher\" content=\"https:\/\/www.facebook.com\/labottegadialcide\" \/>\n<meta property=\"article:modified_time\" content=\"2025-04-26T09:33:35+00:00\" \/>\n<meta property=\"og:image\" content=\"https:\/\/www.heroad.it\/wp-content\/uploads\/2021\/05\/IMG_8107-copia.jpg\" \/>\n\t<meta property=\"og:image:width\" content=\"1400\" \/>\n\t<meta property=\"og:image:height\" content=\"1400\" \/>\n\t<meta property=\"og:image:type\" content=\"image\/jpeg\" \/>\n<meta name=\"twitter:card\" content=\"summary_large_image\" \/>\n<meta name=\"twitter:label1\" content=\"Tiempo de lectura\" \/>\n\t<meta name=\"twitter:data1\" content=\"1 minuto\" \/>\n<script type=\"application\/ld+json\" class=\"yoast-schema-graph\">{\"@context\":\"https:\/\/schema.org\",\"@graph\":[{\"@type\":\"WebPage\",\"@id\":\"https:\/\/www.heroad.it\/prodotto\/monte-grappa\",\"url\":\"https:\/\/www.heroad.it\/prodotto\/monte-grappa\",\"name\":\"Monte Grappa - HEROAD\",\"isPartOf\":{\"@id\":\"https:\/\/www.heroad.it\/#website\"},\"datePublished\":\"2021-05-06T08:30:58+00:00\",\"dateModified\":\"2025-04-26T09:33:35+00:00\",\"description\":\"\u00c8 la strada preferita dai ciclisti della zona per le loro sessioni di allenamento grazie al suo graduale aumento di difficolt\u00e0: inizialmente la strada \u00e8 molto panoramica con balconate spettacolari sulla pianura sottostante.\",\"breadcrumb\":{\"@id\":\"https:\/\/www.heroad.it\/prodotto\/monte-grappa#breadcrumb\"},\"inLanguage\":\"es\",\"potentialAction\":[{\"@type\":\"ReadAction\",\"target\":[\"https:\/\/www.heroad.it\/prodotto\/monte-grappa\"]}]},{\"@type\":\"BreadcrumbList\",\"@id\":\"https:\/\/www.heroad.it\/prodotto\/monte-grappa#breadcrumb\",\"itemListElement\":[{\"@type\":\"ListItem\",\"position\":1,\"name\":\"Home\",\"item\":\"https:\/\/www.heroad.it\/\"},{\"@type\":\"ListItem\",\"position\":2,\"name\":\"Shop\",\"item\":\"https:\/\/www.heroad.it\/shop\"},{\"@type\":\"ListItem\",\"position\":3,\"name\":\"Monte Grappa\"}]},{\"@type\":\"WebSite\",\"@id\":\"https:\/\/www.heroad.it\/#website\",\"url\":\"https:\/\/www.heroad.it\/\",\"name\":\"HEROAD\",\"description\":\"designed by greatness\",\"publisher\":{\"@id\":\"https:\/\/www.heroad.it\/#organization\"},\"potentialAction\":[{\"@type\":\"SearchAction\",\"target\":{\"@type\":\"EntryPoint\",\"urlTemplate\":\"https:\/\/www.heroad.it\/?s={search_term_string}\"},\"query-input\":\"required name=search_term_string\"}],\"inLanguage\":\"es\"},{\"@type\":\"Organization\",\"@id\":\"https:\/\/www.heroad.it\/#organization\",\"name\":\"Heroad\",\"url\":\"https:\/\/www.heroad.it\/\",\"logo\":{\"@type\":\"ImageObject\",\"inLanguage\":\"es\",\"@id\":\"https:\/\/www.heroad.it\/#\/schema\/logo\/image\/\",\"url\":\"https:\/\/www.heroad.it\/wp-content\/uploads\/2021\/04\/PNG_logoheroad_scritta_black_con-pay.png\",\"contentUrl\":\"https:\/\/www.heroad.it\/wp-content\/uploads\/2021\/04\/PNG_logoheroad_scritta_black_con-pay.png\",\"width\":2402,\"height\":945,\"caption\":\"Heroad\"},\"image\":{\"@id\":\"https:\/\/www.heroad.it\/#\/schema\/logo\/image\/\"},\"sameAs\":[\"https:\/\/www.facebook.com\/labottegadialcide\",\"https:\/\/www.instagram.com\/heroad_official\/\"]}]}<\/script>\n<!-- \/ Yoast SEO plugin. -->","yoast_head_json":{"title":"Monte Grappa - HEROAD","description":"\u00c8 la strada preferita dai ciclisti della zona per le loro sessioni di allenamento grazie al suo graduale aumento di difficolt\u00e0: inizialmente la strada \u00e8 molto panoramica con balconate spettacolari sulla pianura sottostante.","robots":{"index":"index","follow":"follow","max-snippet":"max-snippet:-1","max-image-preview":"max-image-preview:large","max-video-preview":"max-video-preview:-1"},"canonical":"https:\/\/www.heroad.it\/es\/product\/monte-grappa\/","og_locale":"es_ES","og_type":"article","og_title":"Monte Grappa - HEROAD","og_description":"\u00c8 la strada preferita dai ciclisti della zona per le loro sessioni di allenamento grazie al suo graduale aumento di difficolt\u00e0: inizialmente la strada \u00e8 molto panoramica con balconate spettacolari sulla pianura sottostante.","og_url":"https:\/\/www.heroad.it\/es\/product\/monte-grappa\/","og_site_name":"HEROAD","article_publisher":"https:\/\/www.facebook.com\/labottegadialcide","article_modified_time":"2025-04-26T09:33:35+00:00","og_image":[{"width":1400,"height":1400,"url":"https:\/\/www.heroad.it\/wp-content\/uploads\/2021\/05\/IMG_8107-copia.jpg","type":"image\/jpeg"}],"twitter_card":"summary_large_image","twitter_misc":{"Tiempo de lectura":"1 minuto"},"schema":{"@context":"https:\/\/schema.org","@graph":[{"@type":"WebPage","@id":"https:\/\/www.heroad.it\/prodotto\/monte-grappa","url":"https:\/\/www.heroad.it\/prodotto\/monte-grappa","name":"Monte Grappa - HEROAD","isPartOf":{"@id":"https:\/\/www.heroad.it\/#website"},"datePublished":"2021-05-06T08:30:58+00:00","dateModified":"2025-04-26T09:33:35+00:00","description":"\u00c8 la strada preferita dai ciclisti della zona per le loro sessioni di allenamento grazie al suo graduale aumento di difficolt\u00e0: inizialmente la strada \u00e8 molto panoramica con balconate spettacolari sulla pianura sottostante.","breadcrumb":{"@id":"https:\/\/www.heroad.it\/prodotto\/monte-grappa#breadcrumb"},"inLanguage":"es","potentialAction":[{"@type":"ReadAction","target":["https:\/\/www.heroad.it\/prodotto\/monte-grappa"]}]},{"@type":"BreadcrumbList","@id":"https:\/\/www.heroad.it\/prodotto\/monte-grappa#breadcrumb","itemListElement":[{"@type":"ListItem","position":1,"name":"Home","item":"https:\/\/www.heroad.it\/"},{"@type":"ListItem","position":2,"name":"Shop","item":"https:\/\/www.heroad.it\/shop"},{"@type":"ListItem","position":3,"name":"Monte Grappa"}]},{"@type":"WebSite","@id":"https:\/\/www.heroad.it\/#website","url":"https:\/\/www.heroad.it\/","name":"HEROAD","description":"designed by greatness","publisher":{"@id":"https:\/\/www.heroad.it\/#organization"},"potentialAction":[{"@type":"SearchAction","target":{"@type":"EntryPoint","urlTemplate":"https:\/\/www.heroad.it\/?s={search_term_string}"},"query-input":"required name=search_term_string"}],"inLanguage":"es"},{"@type":"Organization","@id":"https:\/\/www.heroad.it\/#organization","name":"Heroad","url":"https:\/\/www.heroad.it\/","logo":{"@type":"ImageObject","inLanguage":"es","@id":"https:\/\/www.heroad.it\/#\/schema\/logo\/image\/","url":"https:\/\/www.heroad.it\/wp-content\/uploads\/2021\/04\/PNG_logoheroad_scritta_black_con-pay.png","contentUrl":"https:\/\/www.heroad.it\/wp-content\/uploads\/2021\/04\/PNG_logoheroad_scritta_black_con-pay.png","width":2402,"height":945,"caption":"Heroad"},"image":{"@id":"https:\/\/www.heroad.it\/#\/schema\/logo\/image\/"},"sameAs":["https:\/\/www.facebook.com\/labottegadialcide","https:\/\/www.instagram.com\/heroad_official\/"]}]}},"jetpack_sharing_enabled":true,"_links":{"self":[{"href":"https:\/\/www.heroad.it\/es\/wp-json\/wp\/v2\/product\/17604","targetHints":{"allow":["GET"]}}],"collection":[{"href":"https:\/\/www.heroad.it\/es\/wp-json\/wp\/v2\/product"}],"about":[{"href":"https:\/\/www.heroad.it\/es\/wp-json\/wp\/v2\/types\/product"}],"replies":[{"embeddable":true,"href":"https:\/\/www.heroad.it\/es\/wp-json\/wp\/v2\/comments?post=17604"}],"wp:featuredmedia":[{"embeddable":true,"href":"https:\/\/www.heroad.it\/es\/wp-json\/wp\/v2\/media\/17615"}],"wp:attachment":[{"href":"https:\/\/www.heroad.it\/es\/wp-json\/wp\/v2\/media?parent=17604"}],"wp:term":[{"taxonomy":"product_cat","embeddable":true,"href":"https:\/\/www.heroad.it\/es\/wp-json\/wp\/v2\/product_cat?post=17604"},{"taxonomy":"product_tag","embeddable":true,"href":"https:\/\/www.heroad.it\/es\/wp-json\/wp\/v2\/product_tag?post=17604"}],"curies":[{"name":"wp","href":"https:\/\/api.w.org\/{rel}","templated":true}]}}