{"id":26757,"date":"2023-02-16T12:30:04","date_gmt":"2023-02-16T11:30:04","guid":{"rendered":"https:\/\/www.heroad.it\/?post_type=product&#038;p=26757"},"modified":"2024-03-26T08:13:09","modified_gmt":"2024-03-26T07:13:09","slug":"fuji","status":"publish","type":"product","link":"https:\/\/www.heroad.it\/en\/product\/fuji","title":{"rendered":"Fuji"},"content":{"rendered":"<p>Il Monte Fuji, noto anche come Fuji-san, \u00e8 una maestosa montagna situata nell&#8217;isola di Honshu, in Giappone. Con i suoi 3776 metri di altezza, il Monte Fuji \u00e8 la montagna pi\u00f9 alta del Giappone e uno dei simboli pi\u00f9 famosi del Paese del Sol Levante.<\/p>\n<p>La vista del Monte Fuji \u00e8 mozzafiato, e la sua imponente sagoma \u00e8 stata fonte d&#8217;ispirazione per molti artisti, poeti e scrittori giapponesi nel corso dei secoli. Ogni anno, migliaia di turisti visitano la montagna per ammirare la sua bellezza e scalare la sua cima.<\/p>\n<p><img decoding=\"async\" class=\"aligncenter wp-image-27140\" src=\"https:\/\/www.heroad.it\/wp-content\/uploads\/2023\/02\/k2-rendering-2-300x300.jpg\" alt=\"\" width=\"600\" height=\"600\" srcset=\"https:\/\/www.heroad.it\/wp-content\/uploads\/2023\/02\/k2-rendering-2-300x300.jpg 300w, https:\/\/www.heroad.it\/wp-content\/uploads\/2023\/02\/k2-rendering-2-150x150.jpg 150w, https:\/\/www.heroad.it\/wp-content\/uploads\/2023\/02\/k2-rendering-2-768x768.jpg 768w, https:\/\/www.heroad.it\/wp-content\/uploads\/2023\/02\/k2-rendering-2-12x12.jpg 12w, https:\/\/www.heroad.it\/wp-content\/uploads\/2023\/02\/k2-rendering-2-630x630.jpg 630w, https:\/\/www.heroad.it\/wp-content\/uploads\/2023\/02\/k2-rendering-2-400x400.jpg 400w, https:\/\/www.heroad.it\/wp-content\/uploads\/2023\/02\/k2-rendering-2-100x100.jpg 100w, https:\/\/www.heroad.it\/wp-content\/uploads\/2023\/02\/k2-rendering-2-50x50.jpg 50w, https:\/\/www.heroad.it\/wp-content\/uploads\/2023\/02\/k2-rendering-2-64x64.jpg 64w, https:\/\/www.heroad.it\/wp-content\/uploads\/2023\/02\/k2-rendering-2.jpg 800w\" sizes=\"(max-width: 600px) 100vw, 600px\" \/><\/p>\n<h4 style=\"text-align: center;\"><strong>Design unico<\/strong><\/h4>\n<p>Original and aesthetically appealing product, capable of giving a touch of originality to any environment.<\/p>\n<p><img decoding=\"async\" class=\"aligncenter wp-image-26773\" src=\"https:\/\/www.heroad.it\/wp-content\/uploads\/2023\/02\/IMG_2421-2-300x300.jpg\" alt=\"\" width=\"600\" height=\"600\" srcset=\"https:\/\/www.heroad.it\/wp-content\/uploads\/2023\/02\/IMG_2421-2-300x300.jpg 300w, https:\/\/www.heroad.it\/wp-content\/uploads\/2023\/02\/IMG_2421-2-1024x1024.jpg 1024w, https:\/\/www.heroad.it\/wp-content\/uploads\/2023\/02\/IMG_2421-2-150x150.jpg 150w, https:\/\/www.heroad.it\/wp-content\/uploads\/2023\/02\/IMG_2421-2-768x768.jpg 768w, https:\/\/www.heroad.it\/wp-content\/uploads\/2023\/02\/IMG_2421-2-1536x1536.jpg 1536w, https:\/\/www.heroad.it\/wp-content\/uploads\/2023\/02\/IMG_2421-2-12x12.jpg 12w, https:\/\/www.heroad.it\/wp-content\/uploads\/2023\/02\/IMG_2421-2-630x630.jpg 630w, https:\/\/www.heroad.it\/wp-content\/uploads\/2023\/02\/IMG_2421-2-1320x1320.jpg 1320w, https:\/\/www.heroad.it\/wp-content\/uploads\/2023\/02\/IMG_2421-2-400x400.jpg 400w, https:\/\/www.heroad.it\/wp-content\/uploads\/2023\/02\/IMG_2421-2-800x800.jpg 800w, https:\/\/www.heroad.it\/wp-content\/uploads\/2023\/02\/IMG_2421-2-100x100.jpg 100w, https:\/\/www.heroad.it\/wp-content\/uploads\/2023\/02\/IMG_2421-2-50x50.jpg 50w, https:\/\/www.heroad.it\/wp-content\/uploads\/2023\/02\/IMG_2421-2-64x64.jpg 64w, https:\/\/www.heroad.it\/wp-content\/uploads\/2023\/02\/IMG_2421-2.jpg 2000w\" sizes=\"(max-width: 600px) 100vw, 600px\" \/><\/p>\n<h4 style=\"text-align: center;\"><strong>Soft and low consumption light<\/strong><\/h4>\n<p>The mountain can be equipped with an integrated 3 watt 220v LED circuit which emits a soft and enveloping light, perfect for creating a relaxing and comfortable atmosphere. Display of the simulated level curves for explanatory purposes only<\/p>\n<p><img decoding=\"async\" class=\"aligncenter wp-image-27059\" src=\"https:\/\/www.heroad.it\/wp-content\/uploads\/2023\/02\/materiali-eco-300x200.jpg\" alt=\"\" width=\"600\" height=\"400\" srcset=\"https:\/\/www.heroad.it\/wp-content\/uploads\/2023\/02\/materiali-eco-300x200.jpg 300w, https:\/\/www.heroad.it\/wp-content\/uploads\/2023\/02\/materiali-eco-1024x682.jpg 1024w, https:\/\/www.heroad.it\/wp-content\/uploads\/2023\/02\/materiali-eco-768x512.jpg 768w, https:\/\/www.heroad.it\/wp-content\/uploads\/2023\/02\/materiali-eco-18x12.jpg 18w, https:\/\/www.heroad.it\/wp-content\/uploads\/2023\/02\/materiali-eco-630x420.jpg 630w, https:\/\/www.heroad.it\/wp-content\/uploads\/2023\/02\/materiali-eco-1320x880.jpg 1320w, https:\/\/www.heroad.it\/wp-content\/uploads\/2023\/02\/materiali-eco-800x533.jpg 800w, https:\/\/www.heroad.it\/wp-content\/uploads\/2023\/02\/materiali-eco-64x43.jpg 64w, https:\/\/www.heroad.it\/wp-content\/uploads\/2023\/02\/materiali-eco.jpg 1400w\" sizes=\"(max-width: 600px) 100vw, 600px\" \/><\/p>\n<h4 style=\"text-align: center;\"><strong>Eco-friendly materials<\/strong><\/h4>\n<p>The base in solid beech wood, the silhouette of the mountain printed in 100% organic material obtained from corn (PLA) and the cable in cotton-effect fabric guarantee a reduced environmental impact.<\/p>\n<p><img decoding=\"async\" class=\"aligncenter wp-image-26768\" src=\"https:\/\/www.heroad.it\/wp-content\/uploads\/2023\/02\/Z6F_3789-300x300.jpg\" alt=\"\" width=\"600\" height=\"600\" srcset=\"https:\/\/www.heroad.it\/wp-content\/uploads\/2023\/02\/Z6F_3789-300x300.jpg 300w, https:\/\/www.heroad.it\/wp-content\/uploads\/2023\/02\/Z6F_3789-1024x1024.jpg 1024w, https:\/\/www.heroad.it\/wp-content\/uploads\/2023\/02\/Z6F_3789-150x150.jpg 150w, https:\/\/www.heroad.it\/wp-content\/uploads\/2023\/02\/Z6F_3789-768x768.jpg 768w, https:\/\/www.heroad.it\/wp-content\/uploads\/2023\/02\/Z6F_3789-1536x1536.jpg 1536w, https:\/\/www.heroad.it\/wp-content\/uploads\/2023\/02\/Z6F_3789-12x12.jpg 12w, https:\/\/www.heroad.it\/wp-content\/uploads\/2023\/02\/Z6F_3789-630x630.jpg 630w, https:\/\/www.heroad.it\/wp-content\/uploads\/2023\/02\/Z6F_3789-1320x1320.jpg 1320w, https:\/\/www.heroad.it\/wp-content\/uploads\/2023\/02\/Z6F_3789-400x400.jpg 400w, https:\/\/www.heroad.it\/wp-content\/uploads\/2023\/02\/Z6F_3789-800x800.jpg 800w, https:\/\/www.heroad.it\/wp-content\/uploads\/2023\/02\/Z6F_3789-100x100.jpg 100w, https:\/\/www.heroad.it\/wp-content\/uploads\/2023\/02\/Z6F_3789-50x50.jpg 50w, https:\/\/www.heroad.it\/wp-content\/uploads\/2023\/02\/Z6F_3789-64x64.jpg 64w, https:\/\/www.heroad.it\/wp-content\/uploads\/2023\/02\/Z6F_3789.jpg 2000w\" sizes=\"(max-width: 600px) 100vw, 600px\" \/><\/p>\n<h4 style=\"text-align: center;\"><strong>Versatility of use<\/strong><\/h4>\n<p>It can be used in different contexts and for different purposes, from the bedroom to the living room, from the study to the waiting room, making each environment unique and welcoming.<\/p>\n<h4><strong>Technical specifications<\/strong><\/h4>\n<ul>\n<li>Integrated LED circuit 3 Watt at 220v<\/li>\n<li>Switch with ON-OFF indicator<\/li>\n<li>Super Slim wall plug<\/li>\n<li>Base in beech wood<\/li>\n<li>1.8 meter cotton effect fabric cable<\/li>\n<\/ul>","protected":false},"excerpt":{"rendered":"<h4>Monte Fuji<br \/>\n3776m<\/h4>\n<ul>\n<li>Handcrafted in Italy with eco-sustainable materials<\/li>\n<li>Dimensioni: 15 x 15 x 15 cm (Lunghezza x Profondit\u00e0 x Altezza)<\/li>\n<li>Available both with and without LED lighting<\/li>\n<\/ul>","protected":false},"featured_media":26758,"comment_status":"open","ping_status":"closed","template":"","meta":[],"product_cat":[189],"product_tag":[],"class_list":{"0":"post-26757","1":"product","2":"type-product","3":"status-publish","4":"has-post-thumbnail","6":"product_cat-montagne","8":"first","9":"instock","10":"sale","11":"taxable","12":"shipping-taxable","13":"purchasable","14":"product-type-variable"},"yoast_head":"<!-- This site is optimized with the Yoast SEO plugin v20.5 - https:\/\/yoast.com\/wordpress\/plugins\/seo\/ -->\n<title>Fuji - Lampada a forma di montagna - HEROAD<\/title>\n<meta name=\"description\" content=\"Porta il Monte Fuji a casa tua. Realizzato a mano in Italia con materiali eco-sostenibili e con una maniacale attenzione ai dettagli.\" \/>\n<meta name=\"robots\" content=\"index, follow, max-snippet:-1, max-image-preview:large, max-video-preview:-1\" \/>\n<link rel=\"canonical\" href=\"https:\/\/www.heroad.it\/en\/product\/fuji\/\" \/>\n<meta property=\"og:locale\" content=\"en_GB\" \/>\n<meta property=\"og:type\" content=\"article\" \/>\n<meta property=\"og:title\" content=\"Fuji - Lampada a forma di montagna - HEROAD\" \/>\n<meta property=\"og:description\" content=\"Porta il Monte Fuji a casa tua. Realizzato a mano in Italia con materiali eco-sostenibili e con una maniacale attenzione ai dettagli.\" \/>\n<meta property=\"og:url\" content=\"https:\/\/www.heroad.it\/en\/product\/fuji\/\" \/>\n<meta property=\"og:site_name\" content=\"HEROAD\" \/>\n<meta property=\"article:publisher\" content=\"https:\/\/www.facebook.com\/labottegadialcide\" \/>\n<meta property=\"article:modified_time\" content=\"2024-03-26T07:13:09+00:00\" \/>\n<meta property=\"og:image\" content=\"https:\/\/www.heroad.it\/wp-content\/uploads\/2023\/02\/Fuji_1.jpg\" \/>\n\t<meta property=\"og:image:width\" content=\"2000\" \/>\n\t<meta property=\"og:image:height\" content=\"2000\" \/>\n\t<meta property=\"og:image:type\" content=\"image\/jpeg\" \/>\n<meta name=\"twitter:card\" content=\"summary_large_image\" \/>\n<meta name=\"twitter:label1\" content=\"Estimated reading time\" \/>\n\t<meta name=\"twitter:data1\" content=\"1 minute\" \/>\n<script type=\"application\/ld+json\" class=\"yoast-schema-graph\">{\"@context\":\"https:\/\/schema.org\",\"@graph\":[{\"@type\":\"WebPage\",\"@id\":\"https:\/\/www.heroad.it\/prodotto\/fuji\",\"url\":\"https:\/\/www.heroad.it\/prodotto\/fuji\",\"name\":\"Fuji - Lampada a forma di montagna - HEROAD\",\"isPartOf\":{\"@id\":\"https:\/\/www.heroad.it\/#website\"},\"datePublished\":\"2023-02-16T11:30:04+00:00\",\"dateModified\":\"2024-03-26T07:13:09+00:00\",\"description\":\"Porta il Monte Fuji a casa tua. Realizzato a mano in Italia con materiali eco-sostenibili e con una maniacale attenzione ai dettagli.\",\"breadcrumb\":{\"@id\":\"https:\/\/www.heroad.it\/prodotto\/fuji#breadcrumb\"},\"inLanguage\":\"en-GB\",\"potentialAction\":[{\"@type\":\"ReadAction\",\"target\":[\"https:\/\/www.heroad.it\/prodotto\/fuji\"]}]},{\"@type\":\"BreadcrumbList\",\"@id\":\"https:\/\/www.heroad.it\/prodotto\/fuji#breadcrumb\",\"itemListElement\":[{\"@type\":\"ListItem\",\"position\":1,\"name\":\"Home\",\"item\":\"https:\/\/www.heroad.it\/\"},{\"@type\":\"ListItem\",\"position\":2,\"name\":\"Shop\",\"item\":\"https:\/\/www.heroad.it\/shop\"},{\"@type\":\"ListItem\",\"position\":3,\"name\":\"Fuji\"}]},{\"@type\":\"WebSite\",\"@id\":\"https:\/\/www.heroad.it\/#website\",\"url\":\"https:\/\/www.heroad.it\/\",\"name\":\"HEROAD\",\"description\":\"designed by greatness\",\"publisher\":{\"@id\":\"https:\/\/www.heroad.it\/#organization\"},\"potentialAction\":[{\"@type\":\"SearchAction\",\"target\":{\"@type\":\"EntryPoint\",\"urlTemplate\":\"https:\/\/www.heroad.it\/?s={search_term_string}\"},\"query-input\":\"required name=search_term_string\"}],\"inLanguage\":\"en-GB\"},{\"@type\":\"Organization\",\"@id\":\"https:\/\/www.heroad.it\/#organization\",\"name\":\"Heroad\",\"url\":\"https:\/\/www.heroad.it\/\",\"logo\":{\"@type\":\"ImageObject\",\"inLanguage\":\"en-GB\",\"@id\":\"https:\/\/www.heroad.it\/#\/schema\/logo\/image\/\",\"url\":\"https:\/\/www.heroad.it\/wp-content\/uploads\/2021\/04\/PNG_logoheroad_scritta_black_con-pay.png\",\"contentUrl\":\"https:\/\/www.heroad.it\/wp-content\/uploads\/2021\/04\/PNG_logoheroad_scritta_black_con-pay.png\",\"width\":2402,\"height\":945,\"caption\":\"Heroad\"},\"image\":{\"@id\":\"https:\/\/www.heroad.it\/#\/schema\/logo\/image\/\"},\"sameAs\":[\"https:\/\/www.facebook.com\/labottegadialcide\",\"https:\/\/www.instagram.com\/heroad_official\/\"]}]}<\/script>\n<!-- \/ Yoast SEO plugin. -->","yoast_head_json":{"title":"Fuji - Lampada a forma di montagna - HEROAD","description":"Porta il Monte Fuji a casa tua. Realizzato a mano in Italia con materiali eco-sostenibili e con una maniacale attenzione ai dettagli.","robots":{"index":"index","follow":"follow","max-snippet":"max-snippet:-1","max-image-preview":"max-image-preview:large","max-video-preview":"max-video-preview:-1"},"canonical":"https:\/\/www.heroad.it\/en\/product\/fuji\/","og_locale":"en_GB","og_type":"article","og_title":"Fuji - Lampada a forma di montagna - HEROAD","og_description":"Porta il Monte Fuji a casa tua. Realizzato a mano in Italia con materiali eco-sostenibili e con una maniacale attenzione ai dettagli.","og_url":"https:\/\/www.heroad.it\/en\/product\/fuji\/","og_site_name":"HEROAD","article_publisher":"https:\/\/www.facebook.com\/labottegadialcide","article_modified_time":"2024-03-26T07:13:09+00:00","og_image":[{"width":2000,"height":2000,"url":"https:\/\/www.heroad.it\/wp-content\/uploads\/2023\/02\/Fuji_1.jpg","type":"image\/jpeg"}],"twitter_card":"summary_large_image","twitter_misc":{"Estimated reading time":"1 minute"},"schema":{"@context":"https:\/\/schema.org","@graph":[{"@type":"WebPage","@id":"https:\/\/www.heroad.it\/prodotto\/fuji","url":"https:\/\/www.heroad.it\/prodotto\/fuji","name":"Fuji - Lampada a forma di montagna - HEROAD","isPartOf":{"@id":"https:\/\/www.heroad.it\/#website"},"datePublished":"2023-02-16T11:30:04+00:00","dateModified":"2024-03-26T07:13:09+00:00","description":"Porta il Monte Fuji a casa tua. Realizzato a mano in Italia con materiali eco-sostenibili e con una maniacale attenzione ai dettagli.","breadcrumb":{"@id":"https:\/\/www.heroad.it\/prodotto\/fuji#breadcrumb"},"inLanguage":"en-GB","potentialAction":[{"@type":"ReadAction","target":["https:\/\/www.heroad.it\/prodotto\/fuji"]}]},{"@type":"BreadcrumbList","@id":"https:\/\/www.heroad.it\/prodotto\/fuji#breadcrumb","itemListElement":[{"@type":"ListItem","position":1,"name":"Home","item":"https:\/\/www.heroad.it\/"},{"@type":"ListItem","position":2,"name":"Shop","item":"https:\/\/www.heroad.it\/shop"},{"@type":"ListItem","position":3,"name":"Fuji"}]},{"@type":"WebSite","@id":"https:\/\/www.heroad.it\/#website","url":"https:\/\/www.heroad.it\/","name":"HEROAD","description":"designed by greatness","publisher":{"@id":"https:\/\/www.heroad.it\/#organization"},"potentialAction":[{"@type":"SearchAction","target":{"@type":"EntryPoint","urlTemplate":"https:\/\/www.heroad.it\/?s={search_term_string}"},"query-input":"required name=search_term_string"}],"inLanguage":"en-GB"},{"@type":"Organization","@id":"https:\/\/www.heroad.it\/#organization","name":"Heroad","url":"https:\/\/www.heroad.it\/","logo":{"@type":"ImageObject","inLanguage":"en-GB","@id":"https:\/\/www.heroad.it\/#\/schema\/logo\/image\/","url":"https:\/\/www.heroad.it\/wp-content\/uploads\/2021\/04\/PNG_logoheroad_scritta_black_con-pay.png","contentUrl":"https:\/\/www.heroad.it\/wp-content\/uploads\/2021\/04\/PNG_logoheroad_scritta_black_con-pay.png","width":2402,"height":945,"caption":"Heroad"},"image":{"@id":"https:\/\/www.heroad.it\/#\/schema\/logo\/image\/"},"sameAs":["https:\/\/www.facebook.com\/labottegadialcide","https:\/\/www.instagram.com\/heroad_official\/"]}]}},"jetpack_sharing_enabled":true,"_links":{"self":[{"href":"https:\/\/www.heroad.it\/en\/wp-json\/wp\/v2\/product\/26757","targetHints":{"allow":["GET"]}}],"collection":[{"href":"https:\/\/www.heroad.it\/en\/wp-json\/wp\/v2\/product"}],"about":[{"href":"https:\/\/www.heroad.it\/en\/wp-json\/wp\/v2\/types\/product"}],"replies":[{"embeddable":true,"href":"https:\/\/www.heroad.it\/en\/wp-json\/wp\/v2\/comments?post=26757"}],"wp:featuredmedia":[{"embeddable":true,"href":"https:\/\/www.heroad.it\/en\/wp-json\/wp\/v2\/media\/26758"}],"wp:attachment":[{"href":"https:\/\/www.heroad.it\/en\/wp-json\/wp\/v2\/media?parent=26757"}],"wp:term":[{"taxonomy":"product_cat","embeddable":true,"href":"https:\/\/www.heroad.it\/en\/wp-json\/wp\/v2\/product_cat?post=26757"},{"taxonomy":"product_tag","embeddable":true,"href":"https:\/\/www.heroad.it\/en\/wp-json\/wp\/v2\/product_tag?post=26757"}],"curies":[{"name":"wp","href":"https:\/\/api.w.org\/{rel}","templated":true}]}}